{"id":2,"date":"2016-02-18T11:41:01","date_gmt":"2016-02-18T10:41:01","guid":{"rendered":"http:\/\/www.logopaedinfo.de\/bcb\/?page_id=2"},"modified":"2026-03-27T09:34:38","modified_gmt":"2026-03-27T08:34:38","slug":"start","status":"publish","type":"page","link":"https:\/\/www.logopaedinfo.de\/bcb\/","title":{"rendered":"Der rund um sorglos Partner f\u00fcr Ihre IT"},"content":{"rendered":"\n<h2 class=\"wp-block-heading has-text-align-center has-global-color-4-color has-global-color-9-background-color has-text-color has-background has-link-color wp-elements-e8bb3134706d2b307b9b295cb5fcb5c8\">Vom einmaligen Service bis zur Komplettbetreuung vor Ort<\/h2>\n\n\n\n<div class=\"wp-block-columns is-layout-flex wp-container-core-columns-is-layout-28f84493 wp-block-columns-is-layout-flex\">\n<div class=\"wp-block-column is-layout-flow wp-block-column-is-layout-flow\">\n<h4 class=\"wp-block-heading alignwide has-text-align-center has-global-color-9-color has-vivid-cyan-blue-background-color has-text-color has-background has-link-color wp-elements-a417d88a2ee9c61ac3a501b88864c16e\">IT-Support:<\/h4>\n\n\n\n<figure class=\"wp-block-gallery has-nested-images columns-default is-cropped wp-block-gallery-1 is-layout-flex wp-block-gallery-is-layout-flex\">\n<figure class=\"wp-block-image size-full is-style-sydney-rounded\"><img loading=\"lazy\" decoding=\"async\" width=\"2560\" height=\"2560\" data-id=\"252\" src=\"https:\/\/www.logopaedinfo.de\/bcb\/wp-content\/uploads\/2026\/03\/Hintergrund-IT-Support_quadrat-1-scaled.png\" alt=\"\" class=\"wp-image-252\" srcset=\"https:\/\/www.logopaedinfo.de\/bcb\/wp-content\/uploads\/2026\/03\/Hintergrund-IT-Support_quadrat-1-scaled.png 2560w, https:\/\/www.logopaedinfo.de\/bcb\/wp-content\/uploads\/2026\/03\/Hintergrund-IT-Support_quadrat-1-300x300.png 300w, https:\/\/www.logopaedinfo.de\/bcb\/wp-content\/uploads\/2026\/03\/Hintergrund-IT-Support_quadrat-1-1024x1024.png 1024w, https:\/\/www.logopaedinfo.de\/bcb\/wp-content\/uploads\/2026\/03\/Hintergrund-IT-Support_quadrat-1-150x150.png 150w, https:\/\/www.logopaedinfo.de\/bcb\/wp-content\/uploads\/2026\/03\/Hintergrund-IT-Support_quadrat-1-768x768.png 768w, https:\/\/www.logopaedinfo.de\/bcb\/wp-content\/uploads\/2026\/03\/Hintergrund-IT-Support_quadrat-1-1536x1536.png 1536w, https:\/\/www.logopaedinfo.de\/bcb\/wp-content\/uploads\/2026\/03\/Hintergrund-IT-Support_quadrat-1-2048x2048.png 2048w, https:\/\/www.logopaedinfo.de\/bcb\/wp-content\/uploads\/2026\/03\/Hintergrund-IT-Support_quadrat-1-1000x1000.png 1000w, https:\/\/www.logopaedinfo.de\/bcb\/wp-content\/uploads\/2026\/03\/Hintergrund-IT-Support_quadrat-1-230x230.png 230w, https:\/\/www.logopaedinfo.de\/bcb\/wp-content\/uploads\/2026\/03\/Hintergrund-IT-Support_quadrat-1-350x350.png 350w, https:\/\/www.logopaedinfo.de\/bcb\/wp-content\/uploads\/2026\/03\/Hintergrund-IT-Support_quadrat-1-480x480.png 480w, https:\/\/www.logopaedinfo.de\/bcb\/wp-content\/uploads\/2026\/03\/Hintergrund-IT-Support_quadrat-1-420x420.png 420w, https:\/\/www.logopaedinfo.de\/bcb\/wp-content\/uploads\/2026\/03\/Hintergrund-IT-Support_quadrat-1-800x800.png 800w, https:\/\/www.logopaedinfo.de\/bcb\/wp-content\/uploads\/2026\/03\/Hintergrund-IT-Support_quadrat-1-100x100.png 100w\" sizes=\"auto, (max-width: 2560px) 100vw, 2560px\" \/><\/figure>\n<\/figure>\n\n\n\n<ul class=\"wp-block-list\">\n<li>IT-Betreuung remote oder vor Ort<\/li>\n\n\n\n<li>\u00dcbernahme kompletter Betreuungen mit ma\u00dfgeschneidertem Zeitumfang<\/li>\n\n\n\n<li>fester Ansprechpartner<\/li>\n\n\n\n<li>Regelm\u00e4\u00dfige Wartungen<\/li>\n\n\n\n<li>Mitarbeiterbetreuung<\/li>\n\n\n\n<li>Schulungen<\/li>\n\n\n\n<li>IT-Sicherheit<\/li>\n\n\n\n<li>Windows- und Linux-Systeme<\/li>\n\n\n\n<li>Office 365 Einrichtung und Betreuung<\/li>\n\n\n\n<li>Umstieg von Windows auf Linux<\/li>\n<\/ul>\n<\/div>\n\n\n\n<div class=\"wp-block-column is-layout-flow wp-block-column-is-layout-flow\">\n<h4 class=\"wp-block-heading has-text-align-center has-global-color-9-color has-vivid-cyan-blue-background-color has-text-color has-background has-link-color wp-elements-52415246670f3fbdf91e8558036e4500\">Hardware-Service:<\/h4>\n\n\n\n<figure class=\"wp-block-image size-full is-style-sydney-rounded\"><img loading=\"lazy\" decoding=\"async\" width=\"2560\" height=\"2560\" src=\"https:\/\/www.logopaedinfo.de\/bcb\/wp-content\/uploads\/2026\/03\/Hintergrundbild-Hardware-Service_RZ1-1-scaled.png\" alt=\"\" class=\"wp-image-253\" srcset=\"https:\/\/www.logopaedinfo.de\/bcb\/wp-content\/uploads\/2026\/03\/Hintergrundbild-Hardware-Service_RZ1-1-scaled.png 2560w, https:\/\/www.logopaedinfo.de\/bcb\/wp-content\/uploads\/2026\/03\/Hintergrundbild-Hardware-Service_RZ1-1-300x300.png 300w, https:\/\/www.logopaedinfo.de\/bcb\/wp-content\/uploads\/2026\/03\/Hintergrundbild-Hardware-Service_RZ1-1-1024x1024.png 1024w, https:\/\/www.logopaedinfo.de\/bcb\/wp-content\/uploads\/2026\/03\/Hintergrundbild-Hardware-Service_RZ1-1-150x150.png 150w, https:\/\/www.logopaedinfo.de\/bcb\/wp-content\/uploads\/2026\/03\/Hintergrundbild-Hardware-Service_RZ1-1-768x768.png 768w, https:\/\/www.logopaedinfo.de\/bcb\/wp-content\/uploads\/2026\/03\/Hintergrundbild-Hardware-Service_RZ1-1-1536x1536.png 1536w, https:\/\/www.logopaedinfo.de\/bcb\/wp-content\/uploads\/2026\/03\/Hintergrundbild-Hardware-Service_RZ1-1-2048x2048.png 2048w, https:\/\/www.logopaedinfo.de\/bcb\/wp-content\/uploads\/2026\/03\/Hintergrundbild-Hardware-Service_RZ1-1-1000x1000.png 1000w, https:\/\/www.logopaedinfo.de\/bcb\/wp-content\/uploads\/2026\/03\/Hintergrundbild-Hardware-Service_RZ1-1-230x230.png 230w, https:\/\/www.logopaedinfo.de\/bcb\/wp-content\/uploads\/2026\/03\/Hintergrundbild-Hardware-Service_RZ1-1-350x350.png 350w, https:\/\/www.logopaedinfo.de\/bcb\/wp-content\/uploads\/2026\/03\/Hintergrundbild-Hardware-Service_RZ1-1-480x480.png 480w, https:\/\/www.logopaedinfo.de\/bcb\/wp-content\/uploads\/2026\/03\/Hintergrundbild-Hardware-Service_RZ1-1-420x420.png 420w, https:\/\/www.logopaedinfo.de\/bcb\/wp-content\/uploads\/2026\/03\/Hintergrundbild-Hardware-Service_RZ1-1-800x800.png 800w, https:\/\/www.logopaedinfo.de\/bcb\/wp-content\/uploads\/2026\/03\/Hintergrundbild-Hardware-Service_RZ1-1-100x100.png 100w\" sizes=\"auto, (max-width: 2560px) 100vw, 2560px\" \/><\/figure>\n\n\n\n<ul class=\"wp-block-list\">\n<li>Beschaffung, Installation und Wartung von Hardware<\/li>\n\n\n\n<li>Konzeption, Installation und Wartung kompletter Netzwerke<\/li>\n\n\n\n<li>Beschaffung von Gebraucht- und Leihger\u00e4ten mit Garantie<\/li>\n\n\n\n<li>Eigene Werkstatt<\/li>\n\n\n\n<li>Aufbau und Aufr\u00fcstung individueller Ger\u00e4te<\/li>\n\n\n\n<li>Verkabelung in Glasfaser und Kupfer<\/li>\n<\/ul>\n<\/div>\n\n\n\n<div class=\"wp-block-column is-layout-flow wp-block-column-is-layout-flow\">\n<h4 class=\"wp-block-heading has-text-align-center has-global-color-9-color has-vivid-cyan-blue-background-color has-text-color has-background has-link-color wp-elements-80142e17a563f40e778a4701229f76ae\" style=\"padding-top:0;padding-right:var(--wp--preset--spacing--20);padding-bottom:0;padding-left:var(--wp--preset--spacing--20)\">Gesundheitswesen und Menschen mit speziellen Bed\u00fcrfnissen:<\/h4>\n\n\n\n<figure class=\"wp-block-image size-large is-style-sydney-rounded\"><img loading=\"lazy\" decoding=\"async\" width=\"1024\" height=\"1024\" src=\"https:\/\/www.logopaedinfo.de\/bcb\/wp-content\/uploads\/2026\/03\/Hintergrund-Gesunheitswesen_quadrat-1024x1024.png\" alt=\"\" class=\"wp-image-255\" srcset=\"https:\/\/www.logopaedinfo.de\/bcb\/wp-content\/uploads\/2026\/03\/Hintergrund-Gesunheitswesen_quadrat-1024x1024.png 1024w, https:\/\/www.logopaedinfo.de\/bcb\/wp-content\/uploads\/2026\/03\/Hintergrund-Gesunheitswesen_quadrat-300x300.png 300w, https:\/\/www.logopaedinfo.de\/bcb\/wp-content\/uploads\/2026\/03\/Hintergrund-Gesunheitswesen_quadrat-150x150.png 150w, https:\/\/www.logopaedinfo.de\/bcb\/wp-content\/uploads\/2026\/03\/Hintergrund-Gesunheitswesen_quadrat-768x768.png 768w, https:\/\/www.logopaedinfo.de\/bcb\/wp-content\/uploads\/2026\/03\/Hintergrund-Gesunheitswesen_quadrat-1536x1536.png 1536w, https:\/\/www.logopaedinfo.de\/bcb\/wp-content\/uploads\/2026\/03\/Hintergrund-Gesunheitswesen_quadrat-2048x2048.png 2048w, https:\/\/www.logopaedinfo.de\/bcb\/wp-content\/uploads\/2026\/03\/Hintergrund-Gesunheitswesen_quadrat-1000x1000.png 1000w, https:\/\/www.logopaedinfo.de\/bcb\/wp-content\/uploads\/2026\/03\/Hintergrund-Gesunheitswesen_quadrat-230x230.png 230w, https:\/\/www.logopaedinfo.de\/bcb\/wp-content\/uploads\/2026\/03\/Hintergrund-Gesunheitswesen_quadrat-350x350.png 350w, https:\/\/www.logopaedinfo.de\/bcb\/wp-content\/uploads\/2026\/03\/Hintergrund-Gesunheitswesen_quadrat-480x480.png 480w, https:\/\/www.logopaedinfo.de\/bcb\/wp-content\/uploads\/2026\/03\/Hintergrund-Gesunheitswesen_quadrat-420x420.png 420w, https:\/\/www.logopaedinfo.de\/bcb\/wp-content\/uploads\/2026\/03\/Hintergrund-Gesunheitswesen_quadrat-800x800.png 800w, https:\/\/www.logopaedinfo.de\/bcb\/wp-content\/uploads\/2026\/03\/Hintergrund-Gesunheitswesen_quadrat-100x100.png 100w\" sizes=\"auto, (max-width: 1024px) 100vw, 1024px\" \/><\/figure>\n\n\n\n<ul class=\"wp-block-list\">\n<li>Installation, Wartung und Betreuung Ihrer Telematikinfrastruktur<\/li>\n\n\n\n<li>Abrechnungsbetreuung<\/li>\n\n\n\n<li>Betreuung von Arztpraxen, Kliniken und Heilmittelerbringern<\/li>\n\n\n\n<li>Hard- und Software f\u00fcr die Sprachheilarbeit und Sonderp\u00e4dagogik<\/li>\n\n\n\n<li>Vertrieb Eugen Traeger Lernsoftware<\/li>\n\n\n\n<li>Vertrieb Wevosys &#8222;LingWAVES&#8220;<\/li>\n\n\n\n<li>Schulungen in Ihrer Einrichtung<\/li>\n\n\n\n<li>Erprobungen mit Patienten vor Ort<\/li>\n\n\n\n<li>L\u00f6sungen f\u00fcr Menschen mit speziellen Bed\u00fcrfnissen<\/li>\n<\/ul>\n<\/div>\n<\/div>\n\n\n<div align=\"center\">\u00a0<\/div>\n<h4 style=\"text-align: center;\">\u00a0<\/h4>\n<\/p>\n\n\n<p><\/p>\n","protected":false},"excerpt":{"rendered":"<p>Vom einmaligen Service bis zur Komplettbetreuung vor Ort IT-Support: Hardware-Service: Gesundheitswesen und Menschen mit speziellen Bed\u00fcrfnissen: \u00a0 \u00a0<\/p>\n","protected":false},"author":1,"featured_media":0,"parent":0,"menu_order":0,"comment_status":"closed","ping_status":"closed","template":"","meta":{"footnotes":""},"class_list":["post-2","page","type-page","status-publish","hentry"],"_links":{"self":[{"href":"https:\/\/www.logopaedinfo.de\/bcb\/wp-json\/wp\/v2\/pages\/2","targetHints":{"allow":["GET"]}}],"collection":[{"href":"https:\/\/www.logopaedinfo.de\/bcb\/wp-json\/wp\/v2\/pages"}],"about":[{"href":"https:\/\/www.logopaedinfo.de\/bcb\/wp-json\/wp\/v2\/types\/page"}],"author":[{"embeddable":true,"href":"https:\/\/www.logopaedinfo.de\/bcb\/wp-json\/wp\/v2\/users\/1"}],"replies":[{"embeddable":true,"href":"https:\/\/www.logopaedinfo.de\/bcb\/wp-json\/wp\/v2\/comments?post=2"}],"version-history":[{"count":18,"href":"https:\/\/www.logopaedinfo.de\/bcb\/wp-json\/wp\/v2\/pages\/2\/revisions"}],"predecessor-version":[{"id":304,"href":"https:\/\/www.logopaedinfo.de\/bcb\/wp-json\/wp\/v2\/pages\/2\/revisions\/304"}],"wp:attachment":[{"href":"https:\/\/www.logopaedinfo.de\/bcb\/wp-json\/wp\/v2\/media?parent=2"}],"curies":[{"name":"wp","href":"https:\/\/api.w.org\/{rel}","templated":true}]}}