{"id":29,"date":"2016-09-05T10:54:58","date_gmt":"2016-09-05T08:54:58","guid":{"rendered":"http:\/\/www.logopaedinfo.de\/bcb\/?post_type=product&#038;p=29"},"modified":"2016-09-05T10:54:58","modified_gmt":"2016-09-05T08:54:58","slug":"logoprax-3-0","status":"publish","type":"product","link":"https:\/\/www.logopaedinfo.de\/bcb\/produkt\/logoprax-3-0\/","title":{"rendered":"LogoPrax 3.0"},"content":{"rendered":"<p>\u201cLogoprax 3.0 f\u00fcr Windows\u201d wurde speziell f\u00fcr die besonderen Bed\u00fcrfnisse der Aphasietherapie von Praktikern (Logop\u00e4din, Erziehungswissenschaftler, Informatiker) f\u00fcr die t\u00e4gliche therapeutische Praxis entwickelt. Es tritt die direkte Nachfolge unseres beliebten \u201eLogoPrax 2.0\u201c an.<\/p>\n<p>Besondere Beachtung verdient dabei unser Modul \u201cKommunika\u201d, das daf\u00fcr bestimmt ist, den Patienten eine Hilfestellung f\u00fcr die t\u00e4gliche Umgangskommunikation, z.B. mit Angeh\u00f6rigen und Bezugspersonen zu geben.<\/p>\n<p>Wir haben besonderen Wert auf Anschaulichkeit und\u00a0 Identifikationsm\u00f6glichkeiten f\u00fcr den Patienten gelegt und daher alle Bildobjekte mit Hilfe einer Digitalkamera aus dem Leben\u00a0 aufgenommen.<\/p>\n<p>Zu jedem verwendeten Bild haben wir zudem das nat\u00fcrliche, nicht digitalisierte gesprochene Wort gestellt, so da\u00df der zugeh\u00f6rige Begriff jederzeit auch angeh\u00f6rt werden kann.<\/p>\n<p>\u201cLogoprax\u201d gliedert sich in einzelne Programm-Module (modularer, erweiterbarer Aufbau) und ist daher auch jederzeit entsprechend den individuellen Patienten- und Therapiebed\u00fcrfnissen erg\u00e4nzbar.<\/p>\n<p>Das Programm enth\u00e4lt sowohl einfache \u00dcbungen, um grundlegende W\u00f6rter des Alltages zu trainieren (Wortschatztraining), als auch Satzbau- und Zuordnungs\u00fcbungen.<\/p>\n<p>Es wurde darauf geachtet, da\u00df die \u00dcbungsschwierigkeitsgrade durch den Therapeuten an die Bed\u00fcrfnisse des jeweiligen Patienten angepa\u00dft werden kann.<br \/>\nDie neue Version beinhaltet standardm\u00e4\u00dfig einen Editor zum eigenen Erg\u00e4nzen von Kategorien und bietet zudem eine Synonym-Funktion, welche ebenfalls durch einen Editor ver\u00e4ndert werden kann.<\/p>\n<p>Im Lieferumfang sind 16 Kategorien mit vielen neuen Bildern und Tonaufnahmen enthalten.<\/p>\n","protected":false},"excerpt":{"rendered":"<p>\u201cLogoprax 3.0 f\u00fcr Windows\u201d wurde speziell f\u00fcr die besonderen Bed\u00fcrfnisse der Aphasietherapie von Praktikern (Logop\u00e4din, Erziehungswissenschaftler, Informatiker) f\u00fcr die t\u00e4gliche therapeutische Praxis entwickelt.<\/p>\n","protected":false},"featured_media":30,"comment_status":"closed","ping_status":"closed","template":"","meta":[],"product_brand":[],"product_cat":[6],"product_tag":[9,10,13,11,14,12],"class_list":{"0":"post-29","1":"product","2":"type-product","3":"status-publish","4":"has-post-thumbnail","6":"product_cat-baer-computer-berlin","7":"product_tag-aphasie","8":"product_tag-aphasietherapie","9":"product_tag-computertraining","10":"product_tag-logopaedie","11":"product_tag-sns","12":"product_tag-sprachheilarbeit","14":"first","15":"instock","16":"taxable","17":"shipping-taxable","18":"purchasable","19":"product-type-simple"},"_links":{"self":[{"href":"https:\/\/www.logopaedinfo.de\/bcb\/wp-json\/wp\/v2\/product\/29","targetHints":{"allow":["GET"]}}],"collection":[{"href":"https:\/\/www.logopaedinfo.de\/bcb\/wp-json\/wp\/v2\/product"}],"about":[{"href":"https:\/\/www.logopaedinfo.de\/bcb\/wp-json\/wp\/v2\/types\/product"}],"replies":[{"embeddable":true,"href":"https:\/\/www.logopaedinfo.de\/bcb\/wp-json\/wp\/v2\/comments?post=29"}],"wp:featuredmedia":[{"embeddable":true,"href":"https:\/\/www.logopaedinfo.de\/bcb\/wp-json\/wp\/v2\/media\/30"}],"wp:attachment":[{"href":"https:\/\/www.logopaedinfo.de\/bcb\/wp-json\/wp\/v2\/media?parent=29"}],"wp:term":[{"taxonomy":"product_brand","embeddable":true,"href":"https:\/\/www.logopaedinfo.de\/bcb\/wp-json\/wp\/v2\/product_brand?post=29"},{"taxonomy":"product_cat","embeddable":true,"href":"https:\/\/www.logopaedinfo.de\/bcb\/wp-json\/wp\/v2\/product_cat?post=29"},{"taxonomy":"product_tag","embeddable":true,"href":"https:\/\/www.logopaedinfo.de\/bcb\/wp-json\/wp\/v2\/product_tag?post=29"}],"curies":[{"name":"wp","href":"https:\/\/api.w.org\/{rel}","templated":true}]}}