{"id":31,"date":"2016-09-05T11:00:34","date_gmt":"2016-09-05T09:00:34","guid":{"rendered":"http:\/\/www.logopaedinfo.de\/bcb\/?post_type=product&#038;p=31"},"modified":"2016-09-05T11:00:34","modified_gmt":"2016-09-05T09:00:34","slug":"satzroulett-2-0","status":"publish","type":"product","link":"https:\/\/www.logopaedinfo.de\/bcb\/produkt\/satzroulett-2-0\/","title":{"rendered":"Satzroulett 2.0"},"content":{"rendered":"<p>Das &#8222;Satzroulett&#8220; dient der Therapie leichterer Formen der Aphasie und Restaphasien nach ansonsten erfolgreicher Behandlung zur Stabilisierung bisheriger Behandlungserfolge.<\/p>\n<p>Die Arbeit mit dem Programm setzt ein gefestigtes, oder zumindest gut gebessertes Sprachverst\u00e4ndnis voraus.<\/p>\n<p>Das Programm bietet in Zusammenwirken zwischen Patienten und Therapeuten die M\u00f6glichkeit, zun\u00e4chst einfache, und sp\u00e4ter fortschreitend schwierigere Satzkonstrukte zu bilden.<\/p>\n<p>Zus\u00e4tzliche Anpassung der Schwierigkeitsstufen erfolgt durch die integrierte M\u00f6glichkeit, das zufallsgenerierte Wort so zu vermischen, da\u00df das Wortbild zun\u00e4chst nicht mehr erkennbar ist.<\/p>\n<p>Die Aufgabe besteht dann darin, zuerst das Wortbild und dann den Wortsinn zu erfassen, die Buchstabenreihenfolge zu ordnen und \u00fcber die Tastatur oder durch Anklicken der Rolle in das Schreibfeld einzuordnen.<\/p>\n<p>Bei allzu schwierigen Buchstabenmischungen hilft der zuschaltbare &#8222;Joker&#8220;.<\/p>\n<p>\u00dcber den \u201eKassettenrekorder\u201c k\u00f6nnen S\u00e4tze aufgenommen und wiedergegeben werden, wenn ein Mikrofon an Ihrem PC installiert ist.<\/p>\n<p>Die neue Version 2.0 bietet zus\u00e4tzlich die M\u00f6glichkeit, den Begriff in der ersten Satzrolle durch ein passendes Bild zu ersetzen, was das Programm auch f\u00fcr die Kindertherapie interessant macht. Selbstverst\u00e4ndlich k\u00f6nnen Sie auch eigene Bilder \u00fcber Ihren Scanner eingeben und hinzuf\u00fcgen.<\/p>\n<p>\u201eSatzroulett\u201c bietet au\u00dferdem die M\u00f6glichkeit S\u00e4tze abzuspeichern und sp\u00e4ter wieder zu \u00f6ffnen oder alle S\u00e4tze einer Arbeitssitzung auszudrucken.<\/p>\n<p>&nbsp;<\/p>\n<p>Nat\u00fcrlich bietet das Programm die M\u00f6glichkeit an \u00fcber einen Editor eigene W\u00f6rter in die Rollen hineinzuschreiben, um da\u00df Programm individuell zu erweitern.<\/p>\n","protected":false},"excerpt":{"rendered":"<p>Das &#8222;Satzroulett&#8220; dient der Therapie leichterer Formen der Aphasie und Restaphasien nach ansonsten erfolgreicher Behandlung zur Stabilisierung bisheriger Behandlungserfolge.<\/p>\n","protected":false},"featured_media":32,"comment_status":"closed","ping_status":"closed","template":"","meta":[],"product_brand":[],"product_cat":[6],"product_tag":[9,10,13,11,12],"class_list":{"0":"post-31","1":"product","2":"type-product","3":"status-publish","4":"has-post-thumbnail","6":"product_cat-baer-computer-berlin","7":"product_tag-aphasie","8":"product_tag-aphasietherapie","9":"product_tag-computertraining","10":"product_tag-logopaedie","11":"product_tag-sprachheilarbeit","13":"first","14":"instock","15":"taxable","16":"shipping-taxable","17":"purchasable","18":"product-type-simple"},"_links":{"self":[{"href":"https:\/\/www.logopaedinfo.de\/bcb\/wp-json\/wp\/v2\/product\/31","targetHints":{"allow":["GET"]}}],"collection":[{"href":"https:\/\/www.logopaedinfo.de\/bcb\/wp-json\/wp\/v2\/product"}],"about":[{"href":"https:\/\/www.logopaedinfo.de\/bcb\/wp-json\/wp\/v2\/types\/product"}],"replies":[{"embeddable":true,"href":"https:\/\/www.logopaedinfo.de\/bcb\/wp-json\/wp\/v2\/comments?post=31"}],"wp:featuredmedia":[{"embeddable":true,"href":"https:\/\/www.logopaedinfo.de\/bcb\/wp-json\/wp\/v2\/media\/32"}],"wp:attachment":[{"href":"https:\/\/www.logopaedinfo.de\/bcb\/wp-json\/wp\/v2\/media?parent=31"}],"wp:term":[{"taxonomy":"product_brand","embeddable":true,"href":"https:\/\/www.logopaedinfo.de\/bcb\/wp-json\/wp\/v2\/product_brand?post=31"},{"taxonomy":"product_cat","embeddable":true,"href":"https:\/\/www.logopaedinfo.de\/bcb\/wp-json\/wp\/v2\/product_cat?post=31"},{"taxonomy":"product_tag","embeddable":true,"href":"https:\/\/www.logopaedinfo.de\/bcb\/wp-json\/wp\/v2\/product_tag?post=31"}],"curies":[{"name":"wp","href":"https:\/\/api.w.org\/{rel}","templated":true}]}}