{"id":33,"date":"2016-09-05T11:05:56","date_gmt":"2016-09-05T09:05:56","guid":{"rendered":"http:\/\/www.logopaedinfo.de\/bcb\/?post_type=product&#038;p=33"},"modified":"2016-09-05T11:05:56","modified_gmt":"2016-09-05T09:05:56","slug":"kalkulatix","status":"publish","type":"product","link":"https:\/\/www.logopaedinfo.de\/bcb\/produkt\/kalkulatix\/","title":{"rendered":"Kalkulatix"},"content":{"rendered":"<p>Wir haben &#8222;KALKULATIX&#8220; speziell f\u00fcr das Training mathematischer F\u00e4higkeiten im Bereich der Grundrechenarten, des Zahlenged\u00e4chtnisses und zur Verbesserung der Vorstellungs- und Merkf\u00e4higkeit im Umgang mit Geld auf Wunsch von Patienten entwickelt.<\/p>\n<p>Sie haben die M\u00f6glichkeit, zwischen dem numerischen und dem W\u00e4hrungsmodus zu wechseln, um den Bezug etwa zum Einkaufen herzustellen.<\/p>\n<p>Das Programm kann \u00fcberwiegend zur Therapie aphasischer Zustandsbilder, derGeistig-Behindertenarbeit aber auch in der \u00fcbrigen Kinder- und Jugendtherapie z.B. beiDown-Syndrom eingesetzt werden.<\/p>\n<p>Zur Vermeidung von \u00fcberforderungsbedingter Frustration k\u00f6nnen Sie, zun\u00e4chst mit einer niedrigeren Schwierikeitsstufe, z.B. Addition in zwei Zahlenreihen im Zahlenraum bis 10 beginnen und den Schwierigkeitsgrad nach und nach steigern , so da\u00df der Patient bei der \u00dcbung \u00fcberwiegend Erfolgserlebnisse hat und gern mit dem Programm weiter\u00fcbt.<\/p>\n<p>Im Einzelnen sind folgende Einstellungen m\u00f6glich:<\/p>\n<ul>\n<li>Rechenart: Addition, Subtraktion, Multiplikation, Division<\/li>\n<li>Zahlenraum: bis 10, bis 100 oder bis 1000<\/li>\n<li>Zeilen: Rechnen in 2, 3 o. 4 Zeilen (Addition + Subtraktion)<\/li>\n<li>Darstellung: Numerisch oder im W\u00e4hrungsformat<\/li>\n<\/ul>\n<p>&#8222;KALKULATIX&#8220; eignet sich sowohl zur Selbst\u00fcbung, als auch f\u00fcr die Therapie in der Praxis.<\/p>\n","protected":false},"excerpt":{"rendered":"<p>Wir haben &#8222;KALKULATIX&#8220; speziell f\u00fcr das Training mathematischer F\u00e4higkeiten im Bereich der Grundrechenarten, des Zahlenged\u00e4chtnisses und zur Verbesserung der Vorstellungs- und Merkf\u00e4higkeit im Umgang mit Geld auf Wunsch von Patienten entwickelt.<\/p>\n","protected":false},"featured_media":34,"comment_status":"closed","ping_status":"closed","template":"","meta":[],"product_brand":[],"product_cat":[6],"product_tag":[9,10,13,14],"class_list":{"0":"post-33","1":"product","2":"type-product","3":"status-publish","4":"has-post-thumbnail","6":"product_cat-baer-computer-berlin","7":"product_tag-aphasie","8":"product_tag-aphasietherapie","9":"product_tag-computertraining","10":"product_tag-sns","12":"first","13":"instock","14":"taxable","15":"shipping-taxable","16":"purchasable","17":"product-type-simple"},"_links":{"self":[{"href":"https:\/\/www.logopaedinfo.de\/bcb\/wp-json\/wp\/v2\/product\/33","targetHints":{"allow":["GET"]}}],"collection":[{"href":"https:\/\/www.logopaedinfo.de\/bcb\/wp-json\/wp\/v2\/product"}],"about":[{"href":"https:\/\/www.logopaedinfo.de\/bcb\/wp-json\/wp\/v2\/types\/product"}],"replies":[{"embeddable":true,"href":"https:\/\/www.logopaedinfo.de\/bcb\/wp-json\/wp\/v2\/comments?post=33"}],"wp:featuredmedia":[{"embeddable":true,"href":"https:\/\/www.logopaedinfo.de\/bcb\/wp-json\/wp\/v2\/media\/34"}],"wp:attachment":[{"href":"https:\/\/www.logopaedinfo.de\/bcb\/wp-json\/wp\/v2\/media?parent=33"}],"wp:term":[{"taxonomy":"product_brand","embeddable":true,"href":"https:\/\/www.logopaedinfo.de\/bcb\/wp-json\/wp\/v2\/product_brand?post=33"},{"taxonomy":"product_cat","embeddable":true,"href":"https:\/\/www.logopaedinfo.de\/bcb\/wp-json\/wp\/v2\/product_cat?post=33"},{"taxonomy":"product_tag","embeddable":true,"href":"https:\/\/www.logopaedinfo.de\/bcb\/wp-json\/wp\/v2\/product_tag?post=33"}],"curies":[{"name":"wp","href":"https:\/\/api.w.org\/{rel}","templated":true}]}}