{"id":41,"date":"2016-09-05T11:46:52","date_gmt":"2016-09-05T09:46:52","guid":{"rendered":"http:\/\/www.logopaedinfo.de\/bcb\/?post_type=product&#038;p=41"},"modified":"2025-05-06T08:37:46","modified_gmt":"2025-05-06T06:37:46","slug":"fleppo-home-i","status":"publish","type":"product","link":"https:\/\/www.logopaedinfo.de\/bcb\/produkt\/fleppo-home-i\/","title":{"rendered":"Fleppo Home I"},"content":{"rendered":"<p>Fleppo Home I bietet auf der Wortebene zu den \u00dcbungsbereichen<\/p>\n<ul>\n<li>H\u00f6rverst\u00e4ndnis<\/li>\n<li>Lesesinnverst\u00e4ndnis<\/li>\n<li>Anagramm-\u00dcbung<\/li>\n<li>Bild-Benenn-\u00dcbung<\/li>\n<li>Unterbegriffe-Suchen<\/li>\n<li>Laut- und Lautfolgenunterscheidung<\/li>\n<li>Buchstaben- und Buchstabenfolgenunterscheidung<\/li>\n<\/ul>\n<p>in jeweils f\u00fcnf Schwierigkeitsgraden \u00dcbungen an. Jede einzelne Schwierigkeitsstufe enth\u00e4lt ca. 50 bis 60 Einzel\u00fcbungen, die sich insgesamt auf ca. 5600 Einzel\u00fcbungen summieren.<\/p>\n<p>Selbstverst\u00e4ndlich werden alle \u00dcbungsreihen in randomisierter Reihenfolge pr\u00e4sentiert, d.h. ein \u201cAuswendiglernen\u201d der \u00dcbungsfolgen ist nicht m\u00f6glich.<\/p>\n<div id=\"attachment_108\" class=\"wp-caption alignright\">\n<p><a href=\"http:\/\/83.223.64.136\/wp-content\/uploads\/2010\/05\/PC-1.jpg\" rel=\"lightbox[383]\"><img loading=\"lazy\" decoding=\"async\" class=\"size-medium wp-image-108 \" title=\"Eingangsbildschirm von Fleppo-Home\" src=\"http:\/\/83.223.64.136\/wp-content\/uploads\/2010\/05\/PC-1-300x203.jpg\" alt=\"\" width=\"300\" height=\"203\" \/><\/a><\/p>\n<p class=\"wp-caption-text\">Eingangsbildschirm von Fleppo-Home<\/p>\n<\/div>\n<p>Fleppo-Home I verf\u00fcgt \u00fcber eine Benutzeroberfl\u00e4che f\u00fcr Patienten und eine Oberfl\u00e4che f\u00fcr Therapeuten. Es werden hierbei die selben \u00dcbungsserien angesprochen, nur der Zugriff auf die \u00dcbungen ist jeweils unterschiedlich.<\/p>\n<p>Die Patientenoberfl\u00e4che von \u201eFleppo-Home\u201c enth\u00e4lt eine einfach gestaltete Oberfl\u00e4che, ausgehend von den drei \u00dcbungsbereichen \u201eH\u00f6ren\/Verstehen\u201c, \u201eLesen\/Erkennen\u201c und \u201eSchreiben\/Benennen\u201c (siehe Bild).<\/p>\n<p>Zu jedem der oben genannten 3 \u00dcbungsbereiche gibt es zwischen drei und sechs \u00dcbungsarten, die in Form von Abbildungen dargestellt werden.<\/p>\n<div id=\"attachment_110\" class=\"wp-caption alignleft\">\n<p><a href=\"http:\/\/83.223.64.136\/wp-content\/uploads\/2010\/05\/PC-2.jpg\" rel=\"lightbox[383]\"><img loading=\"lazy\" decoding=\"async\" class=\"size-medium wp-image-110 \" title=\"3 \u00dcbungsarten zu Schreiben\/Bennen\" src=\"http:\/\/83.223.64.136\/wp-content\/uploads\/2010\/05\/PC-2-300x203.jpg\" alt=\"3 \u00dcbungsarten zu Schreiben\/Bennen\" width=\"300\" height=\"203\" \/><\/a><\/p>\n<p class=\"wp-caption-text\">3 \u00dcbungsarten zu Schreiben\/Bennen<\/p>\n<\/div>\n<p>In nebenstehender Abbildung werden <strong>beispielhaft die 3 \u00dcbungsarten f\u00fcr den Bereich \u201eSchreiben\/Benennen\u201c<\/strong> gezeigt:<\/p>\n<p>Das linke Bild zeigt eine \u00dcbung zum <strong>Buchstaben-Ordnen<\/strong> (Anagramm-\u00dcbung).<\/p>\n<p>Das mittlere Bild stellt eine Aufgabe zum <strong>schriftlichen Benennen<\/strong> dar (Eingabe des gesuchten Wortes \u00fcber die Tastatur).<\/p>\n<p>Das rechte Bild zeigt eine \u00dcbung, in der bestimmte <strong>Unterbegriffe zu einem Oberbegriff gesucht<\/strong> werden.<\/p>\n<p><a href=\"http:\/\/83.223.64.136\/wp-content\/uploads\/2010\/05\/PC-3.jpg\" rel=\"lightbox[383]\"><img loading=\"lazy\" decoding=\"async\" class=\"alignright size-medium wp-image-112\" title=\"Buchstaben ordnen\" src=\"http:\/\/83.223.64.136\/wp-content\/uploads\/2010\/05\/PC-3-300x203.jpg\" alt=\"\" width=\"300\" height=\"203\" \/><\/a>F\u00fcr jede \u00dcbungsart, wie z.B. \u201cBuchstaben ordnen\u201d (Anagramm-\u00dcbung), werden f\u00fcnf Schwierigkeitsstufen angeboten. Zu jeder Schwierigkeitsstufe gibt es jeweils ca. 80 Einzel\u00fcbungen. Diese werden in zuf\u00e4lliger Reihenfolge pr\u00e4sentiert.<\/p>\n<p>Klickt der Patient nun auf einen der nebenstehend abgebildeten Buttons wie z.B. \u201c1-leicht\u201d, erscheint eine Anagramm-\u00dcbung der leichtesten Schwierigkeitsstufe.<\/p>\n<div id=\"attachment_114\" class=\"wp-caption alignleft\">\n<p><a href=\"http:\/\/83.223.64.136\/wp-content\/uploads\/2010\/05\/PC-4.jpg\" rel=\"lightbox[383]\"><img loading=\"lazy\" decoding=\"async\" class=\"size-medium wp-image-114 \" title=\"Therapeuteneingangsseite: modellgest\u00fctzter Zugriff auf die \u00dcbungen \u00fcber das Logogenmodell\" src=\"http:\/\/83.223.64.136\/wp-content\/uploads\/2010\/05\/PC-4-300x198.jpg\" alt=\"\" width=\"300\" height=\"198\" \/><\/a><\/p>\n<p class=\"wp-caption-text\">Therapeuteneingangsseite: modellgest\u00fctzter Zugriff auf die \u00dcbungen \u00fcber das Logogenmodell<\/p>\n<\/div>\n<p>Der <strong>Therapeuteneingang von \u201eFleppo-Home\u201c<\/strong> enth\u00e4lt als Grundlage die Logogenmodellvariante nach Tesak (1997). Die gr\u00fcn eingef\u00e4rbten Logogenmodellboxen sind anklickbar (siehe nachfolgende Abbildung). Nach Klick auf eine der gr\u00fcn eingef\u00e4rbten Boxen erscheinen die zugeh\u00f6rigen \u00dcbungsarten (siehe \u00fcbern\u00e4chste Abbildung exemplarisch f\u00fcr \u00dcbungsarten zum semantischen System).<\/p>\n<p>Die \u00dcbungsarten zur Logogenbox , wie z.B. \u201esemantisches System\u201c, sind abgek\u00fcrzt; die ausgeschriebenen Begriffe finden sich im Benutzerhandbuch. Zum Beispiel bedeutet \u201eaudSV1BnW\u201c: auditives Sprachverst\u00e4ndnis, es erscheint ein Bild auf dem Bildschirm und eine je nach Schwierigkeitsstufe variierende Anzahl an W\u00f6rtern (zwischen 2 und 6 W\u00f6rtern).<\/p>\n<p><a href=\"http:\/\/83.223.64.136\/wp-content\/uploads\/2010\/05\/PC-5.jpg\" rel=\"lightbox[383]\"><img loading=\"lazy\" decoding=\"async\" class=\"alignright size-medium wp-image-116\" title=\"Semantisches System\" src=\"http:\/\/83.223.64.136\/wp-content\/uploads\/2010\/05\/PC-5-300x198.jpg\" alt=\"\" width=\"300\" height=\"198\" \/><\/a> Zu jedem Schwierigkeitsgrad gibt es jeweils eine umfangreiche Beschreibung der in der \u00dcbung enthaltenen linguistischen und formalen Kriterien, wie z.B. die Anzahl der Auswahlw\u00f6rter, deren Wortart, Frequenz und Silbenanzahl. Auch die Anzahl der Versuchsbildschirme (nach fehlerhafter Antwort) und ein Beispiel einer Materialauswahl (z.B. erscheinen die Bilder einer Kirsche, eines Rocks, eines Apfels und einer Torte) werden genannt.<\/p>\n<p>Damit erh\u00e4lt die Therapeutin eine sprachtheoretische Einordnung und konkrete Beschreibung der \u00dcbungsitems.<\/p>\n<p>In der nebenstehenden Abbildung sind die \u00dcbungsarten zum semantischen System dargestellt. Angeklickt und daher rot hinterlegt ist die \u00dcbung zum auditiven Sprachverst\u00e4ndnis mit einem Bild und 4 Auswahlw\u00f6rtern in der Schwierigkeitsstufe 3.<\/p>\n<p>Klickt die Therapeutin jetzt auf den rechten Button \u201c\u00dcbung starten\u201d, erh\u00e4lt sie einen entsprechenden \u00dcbungsbildschirm. M\u00f6chte sie weitere \u00dcbungen sehen, klickt sie auf den gelben Pfeil oben rechts im \u00dcbungsbildschirm. Eine schwierigkeitsabgestufte Auswahl an \u00dcbungsbildschirmen zur Anagramm-\u00dcbung findet sich im Anschluss an diesen Text.<\/p>\n<h2><strong>Neu:<\/strong> Statistische Erfolgsauswertung<\/h2>\n<div id=\"attachment_571\" class=\"wp-caption alignright\">\n<p><a href=\"http:\/\/83.223.64.136\/wp-content\/uploads\/2012\/01\/Fleppo-Home-Statistik.png\" rel=\"lightbox[383]\"><img loading=\"lazy\" decoding=\"async\" class=\"size-medium wp-image-571\" title=\"Statistische Auswertung\" src=\"http:\/\/83.223.64.136\/wp-content\/uploads\/2012\/01\/Fleppo-Home-Statistik-335x210.png\" alt=\"Statistische Auswertung in Fleppo Home\" width=\"335\" height=\"210\" \/><\/a><\/p>\n<p class=\"wp-caption-text\">Statistische Auswertung in Fleppo Home<\/p>\n<\/div>\n<p>Fleppo Home speichert nun automatisch wie erfolgreich \u00dcbungen abgeschlossen wurden. Dadurch lassen sich Trainingsfortschritte nun unmittelbar in Fleppo Home betrachten und entsprechend optimieren.<\/p>\n<p>Die Anzeige erfolgt graphisch und wird nach Tag aufgeschl\u00fcsselt dargestellt. Beim \u00dcben wird gespeichert, beim wie vielten Versuch eine \u00dcbung korrekt beendet wurde. Dies wird dann farblich markiert dargestellt.\u00a0Um eine pr\u00e4zise Analyse zu erm\u00f6glichen, kann die Anzeige auf ihre therapeutische Einordnung im Logogenmodell und auf bestimmte \u00a0\u00dcbungen sowie auf einen oder mehrere Schwierigkeitsgrade reduziert werden.<\/p>\n<p>Die gespeicherten Statistiken lassen sich auch auf einfache Weise auf z.B. einen USB-Stick exportieren und mit zu Ihrem Therapeuten nehmen. Dieser kann die Statistiken bei sich einlesen und dann mit Ihnen zusammen gezielt auf Erfolge und Probleme eingehen.<\/p>\n<h2>Aus dem Inhalt<\/h2>\n<p>Beispiele <strong>schwierigkeitsabgestufter \u00dcbungsbildschirme zur Anagramm-\u00dcbung<\/strong> \u2014 Sie sehen von oben nach unten Beispiel-Anagramm\u00fcbungen der Schwierigkeitsstufen 1 bis 5.<\/p>\n<h3>Schwierigkeitsstufe 1 \u2013 leicht<\/h3>\n<div id=\"attachment_118\" class=\"wp-caption alignleft\">\n<p><a href=\"http:\/\/83.223.64.136\/wp-content\/uploads\/2010\/05\/Anagramm.jpg\" rel=\"lightbox[383]\"><img loading=\"lazy\" decoding=\"async\" class=\"size-medium wp-image-118 \" title=\"Anagramm: Schwierigkeitsstufe 1\" src=\"http:\/\/83.223.64.136\/wp-content\/uploads\/2010\/05\/Anagramm-300x224.jpg\" alt=\"\" width=\"300\" height=\"224\" \/><\/a><\/p>\n<p class=\"wp-caption-text\">Anagramm: Schwierigkeitsstufe 1<\/p>\n<\/div>\n<p>Hier erscheinen einfache (monomorphematische), konkrete, hochfrequente Nomina mit nur einer Sprechsilbe und maximal 4 Buchstaben.<\/p>\n<p>Der Patient hat die Aufgabe, einen Buchstaben anzuklicken und anschlie\u00dfend dessen Position in der Anordnungszeile, d.h. das entsprechende K\u00e4stchen am unteren Rand anzuklicken. Der Buchstabe wird dann automatisch auf das angeklickte K\u00e4stchen fliegen.<\/p>\n<p>Nach der Zuordnung, auch teilweisen Zuordnung, klickt der Patient auf das gr\u00fcne H\u00e4kchen und erh\u00e4lt eine entsprechende R\u00fcckmeldung, ob seine Zuordnungen ganz oder teilweise richtig sind. Falsch platzierte Buchstaben fliegen wieder in das Auswahlfeld zur\u00fcck. Die R\u00fcckmeldung erfolgt in gesprochener Form und als lachender, weinender oder \u201cunentschlossener\u201d Smiley, je nach dem ob die Zuordnung richtig, fehlerhaft oder noch unvollst\u00e4ndig ist.<\/p>\n<h3>Schwierigkeitsstufe 2 \u2013 mittelleicht<\/h3>\n<div id=\"attachment_119\" class=\"wp-caption alignright\">\n<p><a href=\"http:\/\/83.223.64.136\/wp-content\/uploads\/2010\/05\/ana2.kl_.jpg\" rel=\"lightbox[383]\"><img loading=\"lazy\" decoding=\"async\" class=\"size-medium wp-image-119 \" title=\"Anagram: Schwierigkeitsstufe 2\" src=\"http:\/\/83.223.64.136\/wp-content\/uploads\/2010\/05\/ana2.kl_-300x221.jpg\" alt=\"\" width=\"300\" height=\"221\" \/><\/a><\/p>\n<p class=\"wp-caption-text\">Anagram: Schwierigkeitsstufe 2<\/p>\n<\/div>\n<p>In dieser Schwierigkeitsstufe erscheinen einfache (monomorphematische), ein-, zwei- und dreisilbige Nomina, die hoch- oder mittelfrequent sind und 5 oder 6 Buchstaben haben.<\/p>\n<p>Zus\u00e4tzlich wird ein Ablenkerbuchstabe pr\u00e4sentiert, der nicht im Wort enthalten ist.<\/p>\n<h3>Schwierigkeitsstufe 3 \u2013 mittel<\/h3>\n<div id=\"attachment_124\" class=\"wp-caption alignleft\">\n<p><a href=\"http:\/\/83.223.64.136\/wp-content\/uploads\/2010\/05\/ana3b.kl_.jpg\" rel=\"lightbox[383]\"><img loading=\"lazy\" decoding=\"async\" class=\"size-medium wp-image-124 \" title=\"Anagram: Schwierigkeitsstufe 3\" src=\"http:\/\/83.223.64.136\/wp-content\/uploads\/2010\/05\/ana3b.kl_-300x224.jpg\" alt=\"\" width=\"300\" height=\"224\" \/><\/a><\/p>\n<p class=\"wp-caption-text\">Anagram: Schwierigkeitsstufe 3<\/p>\n<\/div>\n<p>In dieser Schwierigkeitsstufe erscheinen konkrete, hoch- oder mittelfrequente, drei- oder mehrsilbige, monomorphematische oder kompositorische Nomina mit 5 bis 12 Buchstaben.<\/p>\n<p>Zus\u00e4tzlich werden 2 Ablenkerbuchstaben pr\u00e4sentiert, die nicht im Wort enthalten sind.<\/p>\n<h3>Schwierigkeitsstufe 4 \u2013 mittelschwer<\/h3>\n<div id=\"attachment_125\" class=\"wp-caption alignright\">\n<p><a href=\"http:\/\/83.223.64.136\/wp-content\/uploads\/2010\/05\/ana4b.kl_.jpg\" rel=\"lightbox[383]\"><img loading=\"lazy\" decoding=\"async\" class=\"size-medium wp-image-125 \" title=\"Anagram: Schwierigkeitsstufe 4\" src=\"http:\/\/83.223.64.136\/wp-content\/uploads\/2010\/05\/ana4b.kl_-300x222.jpg\" alt=\"\" width=\"300\" height=\"222\" \/><\/a><\/p>\n<p class=\"wp-caption-text\">Anagram: Schwierigkeitsstufe 4<\/p>\n<\/div>\n<p>Hier werden mittel- oder niederfrequente, drei- oder mehrsilbige Nomina mit mindestens 7 Buchstaben gesucht.<\/p>\n<p>Zus\u00e4tzlich werden 3 Ablenkerbuchstaben pr\u00e4sentiert, die nicht im Wort enthalten sind.<\/p>\n<h3>Schwierigkeitsstufe 5 \u2013 schwer<\/h3>\n<div id=\"attachment_126\" class=\"wp-caption alignleft\">\n<p><a href=\"http:\/\/83.223.64.136\/wp-content\/uploads\/2010\/05\/ana5b.kl_.jpg\" rel=\"lightbox[383]\"><img loading=\"lazy\" decoding=\"async\" class=\"size-medium wp-image-126 \" title=\"Anagram: Schwierigkeitsstufe 5\" src=\"http:\/\/83.223.64.136\/wp-content\/uploads\/2010\/05\/ana5b.kl_-300x221.jpg\" alt=\"\" width=\"300\" height=\"221\" \/><\/a><\/p>\n<p class=\"wp-caption-text\">Anagram: Schwierigkeitsstufe 5<\/p>\n<\/div>\n<p>In dieser schwierigsten Anforderungsstufe werden mittel- oder niederfrequente Nomina mit mindestens 12 Buchstaben pr\u00e4sentiert.<\/p>\n<p>Zus\u00e4tzlich erscheinen 4 Ablenkerbuchstaben, die nicht im Wort enthalten sind.<\/p>\n<h2>Technische Voraussetzungen (Minimum)<\/h2>\n<p>Betriebssystem: Windows XP, Windows Vista oder Windows 7; Ubuntu Linux 10.04 oder neuer<br \/>\nProzessor: 1 GHz<br \/>\nArbeitsspeicher: 1 GB<br \/>\nFestplattenplatz: 300 MB freier Speicher<br \/>\nZur Eingabe werden Tastatur u. Maus oder kompatible Ger\u00e4te ben\u00f6tigt; zum Abspielen von Sounds sind Soundkarte sowie Lautsprecher erforderlich.<br \/>\nZur Installation der CD-Version wird Zugriff auf ein CD-f\u00e4higes Laufwerk ben\u00f6tigt. Bei der USB-Stick Version Fleppo2Go wird zum Betrieb ein freier USB-Port ben\u00f6tigt.<\/p>\n<p>(C) Texte auszugsweise by linguadapt Vollmer&amp;Roosen<\/p>\n","protected":false},"excerpt":{"rendered":"<p>F\u00fcr die \u00a0Therapie von Aphasien bietet LinguAdapt die eigenst\u00e4ndigen \u00dcbungspakete \u201c<strong>Fleppo Home I<\/strong>\u201c und \u201c<strong>Fleppo Home II<\/strong>\u201c\u00a0an.<\/p>\n<p>Sie enthalten \u00dcbungsreihen f\u00fcr das \u00dcben in therapeutischer oder h\u00e4uslicher Umgebung<\/p>\n","protected":false},"featured_media":42,"comment_status":"closed","ping_status":"closed","template":"","meta":[],"product_brand":[],"product_cat":[15],"product_tag":[9,10,13,11,14,12],"class_list":{"0":"post-41","1":"product","2":"type-product","3":"status-publish","4":"has-post-thumbnail","6":"product_cat-linguadapt","7":"product_tag-aphasie","8":"product_tag-aphasietherapie","9":"product_tag-computertraining","10":"product_tag-logopaedie","11":"product_tag-sns","12":"product_tag-sprachheilarbeit","14":"first","15":"instock","16":"taxable","17":"shipping-taxable","18":"purchasable","19":"product-type-simple"},"_links":{"self":[{"href":"https:\/\/www.logopaedinfo.de\/bcb\/wp-json\/wp\/v2\/product\/41","targetHints":{"allow":["GET"]}}],"collection":[{"href":"https:\/\/www.logopaedinfo.de\/bcb\/wp-json\/wp\/v2\/product"}],"about":[{"href":"https:\/\/www.logopaedinfo.de\/bcb\/wp-json\/wp\/v2\/types\/product"}],"replies":[{"embeddable":true,"href":"https:\/\/www.logopaedinfo.de\/bcb\/wp-json\/wp\/v2\/comments?post=41"}],"wp:featuredmedia":[{"embeddable":true,"href":"https:\/\/www.logopaedinfo.de\/bcb\/wp-json\/wp\/v2\/media\/42"}],"wp:attachment":[{"href":"https:\/\/www.logopaedinfo.de\/bcb\/wp-json\/wp\/v2\/media?parent=41"}],"wp:term":[{"taxonomy":"product_brand","embeddable":true,"href":"https:\/\/www.logopaedinfo.de\/bcb\/wp-json\/wp\/v2\/product_brand?post=41"},{"taxonomy":"product_cat","embeddable":true,"href":"https:\/\/www.logopaedinfo.de\/bcb\/wp-json\/wp\/v2\/product_cat?post=41"},{"taxonomy":"product_tag","embeddable":true,"href":"https:\/\/www.logopaedinfo.de\/bcb\/wp-json\/wp\/v2\/product_tag?post=41"}],"curies":[{"name":"wp","href":"https:\/\/api.w.org\/{rel}","templated":true}]}}