{"id":43,"date":"2016-09-05T11:37:09","date_gmt":"2016-09-05T09:37:09","guid":{"rendered":"http:\/\/www.logopaedinfo.de\/bcb\/?post_type=product&#038;p=43"},"modified":"2025-05-06T08:38:16","modified_gmt":"2025-05-06T06:38:16","slug":"fleppo-home-ii","status":"publish","type":"product","link":"https:\/\/www.logopaedinfo.de\/bcb\/produkt\/fleppo-home-ii\/","title":{"rendered":"Fleppo Home II"},"content":{"rendered":"<p>Wie auch in Fleppo Home I sind die \u00dcbungen in bis zu 5 unterschiedliche Schwierigkeitsgrade eingeteilt um ein einfaches, zielgerichtetes Trainieren zu erm\u00f6glichen. Dabei stehen folgende neue \u00dcbungsstrukturen zur Auswahl:<\/p>\n<ul>\n<li>kurzsilbige u. langsilbige Anagramme nach Vorlesen zusammensetzen<\/li>\n<li>Auswahl der korrekten Schreibweise bei homophonem Buchstaben in einem Wort (Abent oder Abend)<\/li>\n<li>Silben korrekt anordnen<\/li>\n<li>kurzsilbige u. langsilbige W\u00f6rter nach Vorlesen korrekt aufschreiben<\/li>\n<li>Aufschreiben von geh\u00f6rten Kunstw\u00f6rtern<\/li>\n<\/ul>\n<p>Zus\u00e4tzlich gibt es neue \u00dcbungen zu den bereits bekannten \u00dcbungsstrukturen:<\/p>\n<ul>\n<li>kurzsilbige u. langsilbige Anagramme durch Betrachten eines Bildes zusammensetzen<\/li>\n<li>kurzsilbige u. langsilbige Bilder erkennen und aufschreiben<\/li>\n<li>Buchstaben\/Buchstabenfolgen unterscheiden<\/li>\n<li>Laute\/Lautfolgen unterscheiden<\/li>\n<li>H\u00f6rverst\u00e4ndnis<\/li>\n<li>Leseverst\u00e4ndnis<\/li>\n<\/ul>\n<p><a href=\"http:\/\/83.223.64.136\/wp-content\/uploads\/2012\/01\/options-small.png\" rel=\"lightbox[356]\"><img decoding=\"async\" class=\" wp-image-110 alignright\" title=\"Individuelle Einstellungen in Fleppo Home II\" src=\"http:\/\/83.223.64.136\/wp-content\/uploads\/2012\/01\/options-thumbnail.png\" alt=\"Individuelle Einstellungen in Fleppo Home II\" \/><\/a><\/p>\n<p>Als weiteres neues Element ist es auf Wunsch von Therapeuten in Fleppo Home II erstmalig m\u00f6glich, verschiedene Parameter bei der Darstellung der \u00dcbung individuell auszuw\u00e4hlen; so ist es zum Beispiel m\u00f6glich, die akustische und\/oder visuelle \u00dcbungsauswertung (richtige \/ falsche Antwort) ein- bzw. auszuschalten oder die Zeit zwischen Audioausgaben herauf- oder herabzusetzen.<\/p>\n<p><a href=\"http:\/\/83.223.64.136\/wp-content\/uploads\/2012\/01\/logogenmodell-graph-highlight-small.png\" rel=\"lightbox[356]\"><img decoding=\"async\" class=\" alignleft\" title=\"Erweiterung: Graphematischer Arbeitsspeicher\" src=\"http:\/\/83.223.64.136\/wp-content\/uploads\/2012\/01\/logogenmodell-graph-highlight-thumbnail.png\" alt=\"\" \/><\/a><\/p>\n<p>Auch in Fleppo Home II gibt es eine spezielle Ansicht f\u00fcr Therapeuten, die auf dem Logogenmodell nach Tesak (1997) aufbaut. Durch die neuartigen \u00dcbungsstrukturen kann in Fleppo Home II nun gezielt der graphematische Arbeitsspeicher trainiert werden.<\/p>\n<p>Fleppo Home II k\u00f6nnen Sie unkompliziert telefonisch, via Mail oder \u00fcber unser Kontaktformular direkt bei uns f\u00fcr 89,50\u20ac zzgl. Versand bestellen und wird Ihnen dann schnellstm\u00f6glich zugesandt.<\/p>\n<p>&nbsp;<\/p>\n<h2>Statistische Erfolgsauswertung<\/h2>\n<div id=\"attachment_571\" class=\"wp-caption alignright\">\n<p><a href=\"http:\/\/83.223.64.136\/wp-content\/uploads\/2012\/01\/Fleppo-Home-Statistik.png\" rel=\"lightbox[356]\"><img loading=\"lazy\" decoding=\"async\" class=\"size-medium wp-image-571\" title=\"Statistische Auswertung\" src=\"http:\/\/83.223.64.136\/wp-content\/uploads\/2012\/01\/Fleppo-Home-Statistik-335x210.png\" alt=\"Statistische Auswertung in Fleppo Home\" width=\"335\" height=\"210\" \/><\/a><\/p>\n<p class=\"wp-caption-text\">Statistische Auswertung in Fleppo Home<\/p>\n<\/div>\n<p>Fleppo Home speichert nun automatisch wie erfolgreich \u00dcbungen abgeschlossen wurden. Dadurch lassen sich Trainingsfortschritte nun unmittelbar in Fleppo Home betrachten und entsprechend optimieren.<\/p>\n<p>Die Anzeige erfolgt graphisch und wird nach Tag aufgeschl\u00fcsselt dargestellt. Beim \u00dcben wird gespeichert, beim wie vielten Versuch eine \u00dcbung korrekt beendet wurde. Dies wird dann farblich markiert dargestellt.\u00a0Um eine pr\u00e4zise Analyse zu erm\u00f6glichen, kann die Anzeige auf ihre therapeutische Einordnung im Logogenmodell und auf bestimmte \u00a0\u00dcbungen sowie auf einen oder mehrere Schwierigkeitsgrade reduziert werden.<\/p>\n<p>Die gespeicherten Statistiken lassen sich auch auf einfache Weise auf z.B. einen USB-Stick exportieren und mit zu Ihrem Therapeuten nehmen. Dieser kann die Statistiken bei sich einlesen und dann mit Ihnen zusammen gezielt auf Erfolge und Probleme eingehen.<\/p>\n<h2>Technische Voraussetzungen (Minimum)<\/h2>\n<p>Betriebssystem: Windows XP, Windows Vista oder Windows 7; Ubuntu Linux 10.04 oder neuer;<br \/>\nProzessor: 1 GHz<br \/>\nArbeitsspeicher: 1 GB<br \/>\nFestplattenplatz: 300 MB freier Speicher<br \/>\nZur Eingabe werden Tastatur u. Maus oder kompatible Ger\u00e4te ben\u00f6tigt; zum Abspielen von Sounds sind Soundkarte sowie Lautsprecher erforderlich.<br \/>\nZur Installation wird Zugriff auf ein CD-f\u00e4higes Laufwerk ben\u00f6tigt.\u00a0Bei der USB-Stick Version Fleppo2Go wird zum Betrieb ein freier USB-Port ben\u00f6tigt.<\/p>\n<p>(C) Texte auszugsweise by linguadapt Vollmer&amp;Roosen GbR<\/p>\n","protected":false},"excerpt":{"rendered":"<p><strong>Fleppo Home II<\/strong> ist ein eigenst\u00e4ndiges Erg\u00e4nzungspaket zu Fleppo Home I und bietet neben neuen \u00dcbungsreihen zu vielen von Fleppo Home I bekannten \u00dcbungsstrukturen auch vollkommen neue \u00dcbungsstrukturen, die in Zusammenarbeit mit Absolventen der Hochschule Fresenius entstanden sind. In Fleppo Home II sind \u00fcber 2000 neue \u00dcbungen, f\u00fcnf vollst\u00e4ndig neue \u00dcbungsstrukturen sowie Verfeinerungen bekannter \u00dcbungsarten enthalten.<\/p>\n","protected":false},"featured_media":42,"comment_status":"closed","ping_status":"closed","template":"","meta":[],"product_brand":[],"product_cat":[15],"product_tag":[9,10,13,11,14,12],"class_list":{"0":"post-43","1":"product","2":"type-product","3":"status-publish","4":"has-post-thumbnail","6":"product_cat-linguadapt","7":"product_tag-aphasie","8":"product_tag-aphasietherapie","9":"product_tag-computertraining","10":"product_tag-logopaedie","11":"product_tag-sns","12":"product_tag-sprachheilarbeit","14":"first","15":"instock","16":"taxable","17":"shipping-taxable","18":"purchasable","19":"product-type-simple"},"_links":{"self":[{"href":"https:\/\/www.logopaedinfo.de\/bcb\/wp-json\/wp\/v2\/product\/43","targetHints":{"allow":["GET"]}}],"collection":[{"href":"https:\/\/www.logopaedinfo.de\/bcb\/wp-json\/wp\/v2\/product"}],"about":[{"href":"https:\/\/www.logopaedinfo.de\/bcb\/wp-json\/wp\/v2\/types\/product"}],"replies":[{"embeddable":true,"href":"https:\/\/www.logopaedinfo.de\/bcb\/wp-json\/wp\/v2\/comments?post=43"}],"wp:featuredmedia":[{"embeddable":true,"href":"https:\/\/www.logopaedinfo.de\/bcb\/wp-json\/wp\/v2\/media\/42"}],"wp:attachment":[{"href":"https:\/\/www.logopaedinfo.de\/bcb\/wp-json\/wp\/v2\/media?parent=43"}],"wp:term":[{"taxonomy":"product_brand","embeddable":true,"href":"https:\/\/www.logopaedinfo.de\/bcb\/wp-json\/wp\/v2\/product_brand?post=43"},{"taxonomy":"product_cat","embeddable":true,"href":"https:\/\/www.logopaedinfo.de\/bcb\/wp-json\/wp\/v2\/product_cat?post=43"},{"taxonomy":"product_tag","embeddable":true,"href":"https:\/\/www.logopaedinfo.de\/bcb\/wp-json\/wp\/v2\/product_tag?post=43"}],"curies":[{"name":"wp","href":"https:\/\/api.w.org\/{rel}","templated":true}]}}