{"id":50,"date":"2016-10-28T10:14:09","date_gmt":"2016-10-28T08:14:09","guid":{"rendered":"http:\/\/www.logopaedinfo.de\/bcb\/?post_type=product&#038;p=50"},"modified":"2016-10-28T10:14:31","modified_gmt":"2016-10-28T08:14:31","slug":"eugenb-traeger-audio-1","status":"publish","type":"product","link":"https:\/\/www.logopaedinfo.de\/bcb\/produkt\/eugenb-traeger-audio-1\/","title":{"rendered":"Eugen Traeger Audio 1"},"content":{"rendered":"<p><span style=\"font-family: Arial; font-size: small;\"><b><span style=\"color: #ff0000;\">Einsatzbereich: <\/span><\/b><span style=\"color: #ff0000;\">Vor-, Grund-, F\u00f6rderschule \/ Logop\u00e4die \/ Ergotherapie \/ Aphasie \/ Rehabilitation <\/span><br \/>\nTierstimmen, Ger\u00e4usche, Laute und W\u00f6rter m\u00fcssen entsprechenden Bildern zugeordnet werden, Reihenfolgen sollen bestimmt werden, Richtungsh\u00f6ren, Figurgrundwahrnehmung (St\u00f6rger\u00e4usche), dichotisches H\u00f6ren, k\u00f6nnen eingeschaltet werden. Frequenzbereichen k\u00f6nnen zur Tonverf\u00e4lschung ausgeblendet werden. Protokoll der \u00dcbung und Urkunde, falls Aufgaben gel\u00f6st wurden, k\u00f6nnen ausgedruckt werden. Das Programm kann durch zus\u00e4tzliche Bilder und T\u00f6ne (auch Sprache) beliebig erweitert werden.<\/span><\/p>\n<p><span style=\"font-family: Arial; font-size: small;\"><b>Besteht aus folgenden Programmteilen:<br \/>\n1. Ger\u00e4usche kennenlernen<br \/>\n2. Was h\u00f6rst du ?<br \/>\n3. Was war zuerst ?<br \/>\n4. Entscheide ob es stimmt<br \/>\n5. Bringe die Bilder in den Rahmen<br \/>\n6. Wettrennen<br \/>\n7. H\u00f6ren und Suchen<\/b><\/span><\/p>\n<p>&nbsp;<\/p>\n<p>&nbsp;<\/p>\n<p>Texte auszugsweise (C) by Eugen Traeger Verlag<\/p>\n","protected":false},"excerpt":{"rendered":"<p><span style=\"font-family: Arial; font-size: small;\">Audio 1 trainiert die auditive Diskrimination (Unterscheidungsf\u00e4higkeit) auf Ger\u00e4usch- und Lautebene, f\u00f6rdert die auditive Merkspanne und \u00fcbt das Richtungsh\u00f6ren. <\/span><\/p>\n","protected":false},"featured_media":51,"comment_status":"closed","ping_status":"closed","template":"","meta":[],"product_brand":[],"product_cat":[23],"product_tag":[9,25,11,24],"class_list":{"0":"post-50","1":"product","2":"type-product","3":"status-publish","4":"has-post-thumbnail","6":"product_cat-etverlag","7":"product_tag-aphasie","8":"product_tag-ergotherapie","9":"product_tag-logopaedie","10":"product_tag-schule","12":"first","13":"instock","14":"taxable","15":"shipping-taxable","16":"purchasable","17":"product-type-simple"},"_links":{"self":[{"href":"https:\/\/www.logopaedinfo.de\/bcb\/wp-json\/wp\/v2\/product\/50","targetHints":{"allow":["GET"]}}],"collection":[{"href":"https:\/\/www.logopaedinfo.de\/bcb\/wp-json\/wp\/v2\/product"}],"about":[{"href":"https:\/\/www.logopaedinfo.de\/bcb\/wp-json\/wp\/v2\/types\/product"}],"replies":[{"embeddable":true,"href":"https:\/\/www.logopaedinfo.de\/bcb\/wp-json\/wp\/v2\/comments?post=50"}],"wp:featuredmedia":[{"embeddable":true,"href":"https:\/\/www.logopaedinfo.de\/bcb\/wp-json\/wp\/v2\/media\/51"}],"wp:attachment":[{"href":"https:\/\/www.logopaedinfo.de\/bcb\/wp-json\/wp\/v2\/media?parent=50"}],"wp:term":[{"taxonomy":"product_brand","embeddable":true,"href":"https:\/\/www.logopaedinfo.de\/bcb\/wp-json\/wp\/v2\/product_brand?post=50"},{"taxonomy":"product_cat","embeddable":true,"href":"https:\/\/www.logopaedinfo.de\/bcb\/wp-json\/wp\/v2\/product_cat?post=50"},{"taxonomy":"product_tag","embeddable":true,"href":"https:\/\/www.logopaedinfo.de\/bcb\/wp-json\/wp\/v2\/product_tag?post=50"}],"curies":[{"name":"wp","href":"https:\/\/api.w.org\/{rel}","templated":true}]}}