{"id":52,"date":"2016-10-28T10:17:59","date_gmt":"2016-10-28T08:17:59","guid":{"rendered":"http:\/\/www.logopaedinfo.de\/bcb\/?post_type=product&#038;p=52"},"modified":"2016-10-28T10:17:59","modified_gmt":"2016-10-28T08:17:59","slug":"eugen-traeger-audio-2-sprachwahrnehmung","status":"publish","type":"product","link":"https:\/\/www.logopaedinfo.de\/bcb\/produkt\/eugen-traeger-audio-2-sprachwahrnehmung\/","title":{"rendered":"Eugen Traeger AUDIO 2 &#8211; Sprachwahrnehmung"},"content":{"rendered":"<p><span style=\"font-family: Arial; font-size: small;\"><b><span style=\"color: #ff0000;\">Einsatzbereich: <\/span><\/b><span style=\"color: #ff0000;\"> Logop\u00e4die \/ Ergotherapie \/ Rehabilitation \/ Vor-, Grund- und F\u00f6rderschule <\/span><br \/>\nEs lohnt sich, die Seite bis unten zu lesen. Sie werden n\u00fctzliche \u00dcbungen f\u00fcr die Therapie, besonders der phonologischen St\u00f6rungen, finden.<br \/>\n<b><span style=\"color: #0000ff;\">Anwendung: <\/span><\/b><span style=\"color: #0000ff;\"><br \/>\n&#8211; F\u00fcr Menschen mit auditiven Wahrnehmungsschw\u00e4chen, auch im Rahmen einer phonologischen St\u00f6rung.<br \/>\n&#8211; F\u00fcr Menschen mit Aufmerksamkeits- und Konzentrationsschw\u00e4chen.<br \/>\n&#8211; F\u00fcr Erwachsene mit neurologischen St\u00f6rungen. <\/span><\/span><\/p>\n<hr \/>\n<p><span style=\"font-family: Arial; font-size: small;\">Bei diesem auditiven Trainingsprogramm geht es darum, Geh\u00f6rtes zu erinnern, zu differenzieren, zu analysieren.<br \/>\nIn der Standard-Einstellung sind zu Anfang die Bilder und Texte nicht zu sehen. Der Anwender soll sich nur auf das H\u00f6ren konzentrieren. Erst wenn Entscheidungen anstehen, also beim L\u00f6sen der Aufgaben, werden Bilder bzw. Texte sichtbar. Die Einstellungen k\u00f6nnen vom Anwender jederzeit ge\u00e4ndert werden, so dass die auditiven \u00dcbungen auch als visuelle \u00dcbungen genutzt werden k\u00f6nnen. Die hier gezeigten Bildschirmdarstellungen zeigen das jeweilige Programm in der L\u00f6sungsphase, also mit Bild und mit Text.<br \/>\nDas Programm ist mit Editor ausgestattet und daher vom Anwender individuell erweiterbar.<br \/>\nDie Bildschirm-Hintergrundbilder sind ein-\/ausschaltbar und individuell gestaltbar.<\/span><\/p>\n<hr \/>\n<p>Folgende Programme sind enthalten:<br \/>\n<span style=\"font-family: Arial; font-size: small;\"><b>1.0 Merkf\u00e4higkeit<\/b><br \/>\n1.1 Merkspanne &#8211; Bild<br \/>\n1.2 Merkspanne &#8211; Text<br \/>\n<b>2.0 Wortreihen<\/b><br \/>\n2.1 Wortreihen: Doppelg\u00e4nger &#8211; Bild<br \/>\n2.2 Wortreihen: Doppelg\u00e4nger &#8211; Text<br \/>\n<b>3.0 Differenzierung<\/b><br \/>\n3.1 Gleich oder nicht gleich ?<br \/>\n3.2 Richtig oder falsch ?<br \/>\n3.3 Welcher Laut passt ?<br \/>\n3.4 Lang oder kurz ?<br \/>\n3.5 Memory ?<br \/>\n<b>4.0 Laut- \/ Silben-Analyse<\/b><br \/>\n4.1 Laute positionieren<br \/>\n4.2 Laute suchen<br \/>\n4.3 Laute hinzuf\u00fcgen<br \/>\n4.4 Laute weglassen<br \/>\n4.5 Laute ersetzen<br \/>\n4.6 Silbenanzahl<br \/>\n4.7 Laut-\/ Silbenmemory<br \/>\n4.8 Paare suchen<\/span><\/p>\n<p>Texte auszugsweise (C) by Eugen Traeger Verlag<\/p>\n","protected":false},"excerpt":{"rendered":"<p><span style=\"font-family: Arial; font-size: small;\"><span style=\"color: #0000aa; font-size: large;\">\u00dcbungen zu den wichtigsten auditiven Funktionen.<\/span><\/span><\/p>\n","protected":false},"featured_media":53,"comment_status":"closed","ping_status":"closed","template":"","meta":[],"product_brand":[],"product_cat":[23],"product_tag":[25,11,24],"class_list":{"0":"post-52","1":"product","2":"type-product","3":"status-publish","4":"has-post-thumbnail","6":"product_cat-etverlag","7":"product_tag-ergotherapie","8":"product_tag-logopaedie","9":"product_tag-schule","11":"first","12":"instock","13":"taxable","14":"shipping-taxable","15":"purchasable","16":"product-type-simple"},"_links":{"self":[{"href":"https:\/\/www.logopaedinfo.de\/bcb\/wp-json\/wp\/v2\/product\/52","targetHints":{"allow":["GET"]}}],"collection":[{"href":"https:\/\/www.logopaedinfo.de\/bcb\/wp-json\/wp\/v2\/product"}],"about":[{"href":"https:\/\/www.logopaedinfo.de\/bcb\/wp-json\/wp\/v2\/types\/product"}],"replies":[{"embeddable":true,"href":"https:\/\/www.logopaedinfo.de\/bcb\/wp-json\/wp\/v2\/comments?post=52"}],"wp:featuredmedia":[{"embeddable":true,"href":"https:\/\/www.logopaedinfo.de\/bcb\/wp-json\/wp\/v2\/media\/53"}],"wp:attachment":[{"href":"https:\/\/www.logopaedinfo.de\/bcb\/wp-json\/wp\/v2\/media?parent=52"}],"wp:term":[{"taxonomy":"product_brand","embeddable":true,"href":"https:\/\/www.logopaedinfo.de\/bcb\/wp-json\/wp\/v2\/product_brand?post=52"},{"taxonomy":"product_cat","embeddable":true,"href":"https:\/\/www.logopaedinfo.de\/bcb\/wp-json\/wp\/v2\/product_cat?post=52"},{"taxonomy":"product_tag","embeddable":true,"href":"https:\/\/www.logopaedinfo.de\/bcb\/wp-json\/wp\/v2\/product_tag?post=52"}],"curies":[{"name":"wp","href":"https:\/\/api.w.org\/{rel}","templated":true}]}}