{"id":56,"date":"2016-10-28T10:26:09","date_gmt":"2016-10-28T08:26:09","guid":{"rendered":"http:\/\/www.logopaedinfo.de\/bcb\/?post_type=product&#038;p=56"},"modified":"2016-10-28T10:26:09","modified_gmt":"2016-10-28T08:26:09","slug":"eugen-traeger-phonologische-bewusstheit-mimamo","status":"publish","type":"product","link":"https:\/\/www.logopaedinfo.de\/bcb\/produkt\/eugen-traeger-phonologische-bewusstheit-mimamo\/","title":{"rendered":"Eugen Traeger Phonologische Bewusstheit &#8211; MIMAMO"},"content":{"rendered":"<p><span style=\"font-family: Arial; font-size: small;\"><span style=\"color: #ff0000;\"><b>Einsatzbereiche: <\/b>Vor-, Grund-, F\u00f6rderschule \/ Rehabilitation \/ Logop\u00e4die \/ Aphasietherapie \/ Alphabetisierung<br \/>\n<\/span> Therapieprogramm, Betreuung unbedingt erforderlich, kann nicht vom Sch\u00fcler selbst\u00e4ndig genutzt werden.<\/span><\/p>\n<p><span style=\"font-family: Arial; font-size: small;\"><b>H\u00f6ren-Diagnose:<\/b><br \/>\nDer Sch\u00fcler gibt \u00fcber die Tastatur Buchstaben, Silben oder W\u00f6rter ein, die er meint geh\u00f6rt zu haben. Der Computer vergleicht und erstellt einen Testbericht.<br \/>\n<b>H\u00f6ren-Schreiben-Training:<\/b><br \/>\nDer Computer gibt sofortige R\u00fcckmeldung ob Schreiben und H\u00f6ren identisch sind, bzw. was verbessert werden muss.<br \/>\n<b>H\u00f6ren-Lesen-Training:<\/b><br \/>\nHier h\u00f6rt der Sch\u00fcler Laute, Silben, W\u00f6rter und klickt im Multiple-Choice-Verfahren die richtige L\u00f6sung an.<br \/>\n<b>Texte h\u00f6ren &#8211; lesen:<\/b><br \/>\nEine \u00dcbung zum schrittweisen Erlesen von W\u00f6rtern und zur Einpr\u00e4gung von Schriftbildern.<br \/>\n<b>Lesefahrstuhl:<\/b><br \/>\nDie jeweilge Fahrstuhlsilbe kann mit beliebigen anderen Silben spielerisch kombiniert werden. Stellt der Computer die Aufgaben, muss der Sch\u00fcler die richtigen Silbenkombinationen finden. <\/span><\/p>\n<p>&nbsp;<\/p>\n<p>Texte auszugsweise (C) by Eugen Traeger Verlag<\/p>\n","protected":false},"excerpt":{"rendered":"<h5><span style=\"font-family: Arial; font-size: small; color: #0000ff;\">Der Schwerpunkt in diesem Programm liegt beim H\u00f6ren und Lesen.<br \/>\nDas Programm arbeitet mit Dateien, die mit dem integrierten Editor bearbeitet und auch selbst erstellt werden k\u00f6nnen.<\/span><\/h5>\n","protected":false},"featured_media":57,"comment_status":"closed","ping_status":"closed","template":"","meta":[],"product_brand":[],"product_cat":[23],"product_tag":[10,11,24],"class_list":{"0":"post-56","1":"product","2":"type-product","3":"status-publish","4":"has-post-thumbnail","6":"product_cat-etverlag","7":"product_tag-aphasietherapie","8":"product_tag-logopaedie","9":"product_tag-schule","11":"first","12":"instock","13":"taxable","14":"shipping-taxable","15":"purchasable","16":"product-type-simple"},"_links":{"self":[{"href":"https:\/\/www.logopaedinfo.de\/bcb\/wp-json\/wp\/v2\/product\/56","targetHints":{"allow":["GET"]}}],"collection":[{"href":"https:\/\/www.logopaedinfo.de\/bcb\/wp-json\/wp\/v2\/product"}],"about":[{"href":"https:\/\/www.logopaedinfo.de\/bcb\/wp-json\/wp\/v2\/types\/product"}],"replies":[{"embeddable":true,"href":"https:\/\/www.logopaedinfo.de\/bcb\/wp-json\/wp\/v2\/comments?post=56"}],"wp:featuredmedia":[{"embeddable":true,"href":"https:\/\/www.logopaedinfo.de\/bcb\/wp-json\/wp\/v2\/media\/57"}],"wp:attachment":[{"href":"https:\/\/www.logopaedinfo.de\/bcb\/wp-json\/wp\/v2\/media?parent=56"}],"wp:term":[{"taxonomy":"product_brand","embeddable":true,"href":"https:\/\/www.logopaedinfo.de\/bcb\/wp-json\/wp\/v2\/product_brand?post=56"},{"taxonomy":"product_cat","embeddable":true,"href":"https:\/\/www.logopaedinfo.de\/bcb\/wp-json\/wp\/v2\/product_cat?post=56"},{"taxonomy":"product_tag","embeddable":true,"href":"https:\/\/www.logopaedinfo.de\/bcb\/wp-json\/wp\/v2\/product_tag?post=56"}],"curies":[{"name":"wp","href":"https:\/\/api.w.org\/{rel}","templated":true}]}}