{"id":62,"date":"2016-10-28T10:44:31","date_gmt":"2016-10-28T08:44:31","guid":{"rendered":"http:\/\/www.logopaedinfo.de\/bcb\/?post_type=product&#038;p=62"},"modified":"2016-10-28T10:44:31","modified_gmt":"2016-10-28T08:44:31","slug":"eugen-traeger-wahrnehmung","status":"publish","type":"product","link":"https:\/\/www.logopaedinfo.de\/bcb\/produkt\/eugen-traeger-wahrnehmung\/","title":{"rendered":"Eugen Traeger Wahrnehmung"},"content":{"rendered":"<p><span style=\"font-family: Arial; font-size: small;\"><span style=\"color: #ff0000;\"><b>Einsatzbereiche: <\/b> F\u00f6rderschule \/ Grundschule \/ Kita \/ begleitend in der ADHS- und LRS-Therapie \/ F\u00f6rderung im Reha-Bereich \/ Ergotherapie \/ Aphasietherapie<\/span><\/span><\/p>\n<p><span style=\"font-family: Arial; font-size: small;\">Ein Programm mit hohem Aufforderungscharakter, das in keiner therapeutischen Praxis fehlen sollte. Auch von Privatanwendern als sehr interessantes Spiel- und Lernprogramm nutzbar. In das Programm k\u00f6nnen eigene Fotos, Bilder und Cliparts eingebunden werden. Die Programminhalte k\u00f6nnen selbst zusammengestellt bzw. editiert werden, so dass die Aufgabenstellung von sehr leicht bis sehr schwer gew\u00e4hlt werden kann. <\/span><\/p>\n<p><span style=\"font-family: Arial; font-size: small;\"><b>Programme:<\/b><br \/>\n1. Punkte verbinden<br \/>\n2. Vergleichen<br \/>\n3. Ausw\u00e4hlen<br \/>\n4. Puzzle<br \/>\n5. Geisterjagd<br \/>\n6. Reaktionstests (visuell und akustisch)<br \/>\n7. Gleiche Reihen suchen<br \/>\n8. Vervollst\u00e4ndigen<br \/>\n9. Bild suchen,<br \/>\n10. Erinnern (visuelle und auditive \u00dcbungen)<br \/>\n11. Wo bin ich?<\/span><\/p>\n<p>Texte auszugsweise (C) by Eugen Traeger Verlag<\/p>\n","protected":false},"excerpt":{"rendered":"<h5><span style=\"color: #0000ff;\">\u00dc<\/span><span style=\"font-family: Arial; font-size: small;\"><span style=\"color: #0000ff;\">bungen:<\/span><br \/>\n<b> &#8211; zur visuellen Wahrnehmungsdifferenzierung<br \/>\n&#8211; zur F\u00f6rderung der Ged\u00e4chtnisleistung<br \/>\n&#8211; Koordinations-, Kombinations-, Logik\u00fcbungen<br \/>\n&#8211; Ged\u00e4chtnis-, Konzentrations- und Reaktionstraining <\/b><\/span><\/h5>\n","protected":false},"featured_media":63,"comment_status":"closed","ping_status":"closed","template":"","meta":[],"product_brand":[],"product_cat":[23],"product_tag":[32,10,25,30,11,31,33,24],"class_list":{"0":"post-62","1":"product","2":"type-product","3":"status-publish","4":"has-post-thumbnail","6":"product_cat-etverlag","7":"product_tag-adhs","8":"product_tag-aphasietherapie","9":"product_tag-ergotherapie","10":"product_tag-kita","11":"product_tag-logopaedie","12":"product_tag-lrs","13":"product_tag-reha","14":"product_tag-schule","16":"first","17":"instock","18":"taxable","19":"shipping-taxable","20":"purchasable","21":"product-type-simple"},"_links":{"self":[{"href":"https:\/\/www.logopaedinfo.de\/bcb\/wp-json\/wp\/v2\/product\/62","targetHints":{"allow":["GET"]}}],"collection":[{"href":"https:\/\/www.logopaedinfo.de\/bcb\/wp-json\/wp\/v2\/product"}],"about":[{"href":"https:\/\/www.logopaedinfo.de\/bcb\/wp-json\/wp\/v2\/types\/product"}],"replies":[{"embeddable":true,"href":"https:\/\/www.logopaedinfo.de\/bcb\/wp-json\/wp\/v2\/comments?post=62"}],"wp:featuredmedia":[{"embeddable":true,"href":"https:\/\/www.logopaedinfo.de\/bcb\/wp-json\/wp\/v2\/media\/63"}],"wp:attachment":[{"href":"https:\/\/www.logopaedinfo.de\/bcb\/wp-json\/wp\/v2\/media?parent=62"}],"wp:term":[{"taxonomy":"product_brand","embeddable":true,"href":"https:\/\/www.logopaedinfo.de\/bcb\/wp-json\/wp\/v2\/product_brand?post=62"},{"taxonomy":"product_cat","embeddable":true,"href":"https:\/\/www.logopaedinfo.de\/bcb\/wp-json\/wp\/v2\/product_cat?post=62"},{"taxonomy":"product_tag","embeddable":true,"href":"https:\/\/www.logopaedinfo.de\/bcb\/wp-json\/wp\/v2\/product_tag?post=62"}],"curies":[{"name":"wp","href":"https:\/\/api.w.org\/{rel}","templated":true}]}}