{"id":70,"date":"2016-10-31T10:49:57","date_gmt":"2016-10-31T09:49:57","guid":{"rendered":"http:\/\/www.logopaedinfo.de\/bcb\/?post_type=product&#038;p=70"},"modified":"2026-02-23T10:08:24","modified_gmt":"2026-02-23T09:08:24","slug":"cesar-lesen-2","status":"publish","type":"product","link":"https:\/\/www.logopaedinfo.de\/bcb\/produkt\/cesar-lesen-2\/","title":{"rendered":"CESAR Lesen 2"},"content":{"rendered":"<p>CESAR Lesen 2 enth\u00e4lt 12 unabh\u00e4ngige Lernspiele, die Teilfertigkeiten beim Leseprozess f\u00f6rdern.<br \/>\nDie Spiele sind aufgeteilt in die Bereiche synthetisches Lesen, automatische Worterkennung sowie konstruierendes und komplexes Lese-Sinnverst\u00e4ndnis.<br \/>\nDas Programm enth\u00e4lt einen Editor, \u00fcber den eigenes Wortmaterial eingegeben werden kann und zu einigen Spielen k\u00f6nnen Arbeitsbl\u00e4tter ausgedruckt werden.<br \/>\nWie bei allen CESAR Programmen ist die Navigation kinderleicht und die Grafik wirkt motivierend auf die Kinder!<\/p>\n<p>Texte auszugsweise (C) by CES-Verlag<\/p>\n<p>Restposten, Ausf\u00fchren auf PCs mit Windows 10\/11 nicht garantiert<\/p>\n","protected":false},"excerpt":{"rendered":"<p>Software zur F\u00f6rderung der Lesekompetenz<\/p>\n","protected":false},"featured_media":71,"comment_status":"closed","ping_status":"closed","template":"","meta":[],"product_brand":[],"product_cat":[37],"product_tag":[38,11,31,24],"class_list":{"0":"post-70","1":"product","2":"type-product","3":"status-publish","4":"has-post-thumbnail","6":"product_cat-cesverlag","7":"product_tag-lesen","8":"product_tag-logopaedie","9":"product_tag-lrs","10":"product_tag-schule","12":"first","13":"outofstock","14":"taxable","15":"shipping-taxable","16":"purchasable","17":"product-type-simple"},"_links":{"self":[{"href":"https:\/\/www.logopaedinfo.de\/bcb\/wp-json\/wp\/v2\/product\/70","targetHints":{"allow":["GET"]}}],"collection":[{"href":"https:\/\/www.logopaedinfo.de\/bcb\/wp-json\/wp\/v2\/product"}],"about":[{"href":"https:\/\/www.logopaedinfo.de\/bcb\/wp-json\/wp\/v2\/types\/product"}],"replies":[{"embeddable":true,"href":"https:\/\/www.logopaedinfo.de\/bcb\/wp-json\/wp\/v2\/comments?post=70"}],"wp:featuredmedia":[{"embeddable":true,"href":"https:\/\/www.logopaedinfo.de\/bcb\/wp-json\/wp\/v2\/media\/71"}],"wp:attachment":[{"href":"https:\/\/www.logopaedinfo.de\/bcb\/wp-json\/wp\/v2\/media?parent=70"}],"wp:term":[{"taxonomy":"product_brand","embeddable":true,"href":"https:\/\/www.logopaedinfo.de\/bcb\/wp-json\/wp\/v2\/product_brand?post=70"},{"taxonomy":"product_cat","embeddable":true,"href":"https:\/\/www.logopaedinfo.de\/bcb\/wp-json\/wp\/v2\/product_cat?post=70"},{"taxonomy":"product_tag","embeddable":true,"href":"https:\/\/www.logopaedinfo.de\/bcb\/wp-json\/wp\/v2\/product_tag?post=70"}],"curies":[{"name":"wp","href":"https:\/\/api.w.org\/{rel}","templated":true}]}}