{"id":72,"date":"2016-10-31T10:52:03","date_gmt":"2016-10-31T09:52:03","guid":{"rendered":"http:\/\/www.logopaedinfo.de\/bcb\/?post_type=product&#038;p=72"},"modified":"2026-02-12T09:17:14","modified_gmt":"2026-02-12T08:17:14","slug":"cesra-lesen-1-1","status":"publish","type":"product","link":"https:\/\/www.logopaedinfo.de\/bcb\/produkt\/cesra-lesen-1-1\/","title":{"rendered":"CESAR Lesen 1.1"},"content":{"rendered":"<p>LESEN 1.1 ist die \u00fcberarbeitete und erweiterte Auflage des 1998 erschienenen Titels CESAR LESEN 1.0. Die 12 unabh\u00e4ngigen Lernspiele sind in 4 Gruppen aufgeteilt und f\u00f6rdern die Kompetenzen f\u00fcr: Raum -Lage, Identifizieren von Buchstaben, Lautanalyse- und Syntheseprozesse, sowie Lese &#8211; Sinnverst\u00e4ndnis.<br \/>\nDie Kinder haben sehr viel Spa\u00df an der Anwendung des Programms, es l\u00e4sst sich gut als Motivation und Erg\u00e4nzung zsur konventionellen F\u00f6rderung einsetzen.<\/p>\n<p>Texte auszugsweise (C) by CES-Verlag<\/p>\n<p>Restposten, Ausf\u00fchren auf PCs mit Windows 10\/11 nicht garantiert<\/p>\n","protected":false},"excerpt":{"rendered":"<p>Lernspiele auf CD-ROM zum Lese-Rechtschreiberwerb<\/p>\n","protected":false},"featured_media":73,"comment_status":"closed","ping_status":"closed","template":"","meta":[],"product_brand":[],"product_cat":[37],"product_tag":[38,11,31,24],"class_list":{"0":"post-72","1":"product","2":"type-product","3":"status-publish","4":"has-post-thumbnail","6":"product_cat-cesverlag","7":"product_tag-lesen","8":"product_tag-logopaedie","9":"product_tag-lrs","10":"product_tag-schule","12":"first","13":"instock","14":"taxable","15":"shipping-taxable","16":"purchasable","17":"product-type-simple"},"_links":{"self":[{"href":"https:\/\/www.logopaedinfo.de\/bcb\/wp-json\/wp\/v2\/product\/72","targetHints":{"allow":["GET"]}}],"collection":[{"href":"https:\/\/www.logopaedinfo.de\/bcb\/wp-json\/wp\/v2\/product"}],"about":[{"href":"https:\/\/www.logopaedinfo.de\/bcb\/wp-json\/wp\/v2\/types\/product"}],"replies":[{"embeddable":true,"href":"https:\/\/www.logopaedinfo.de\/bcb\/wp-json\/wp\/v2\/comments?post=72"}],"wp:featuredmedia":[{"embeddable":true,"href":"https:\/\/www.logopaedinfo.de\/bcb\/wp-json\/wp\/v2\/media\/73"}],"wp:attachment":[{"href":"https:\/\/www.logopaedinfo.de\/bcb\/wp-json\/wp\/v2\/media?parent=72"}],"wp:term":[{"taxonomy":"product_brand","embeddable":true,"href":"https:\/\/www.logopaedinfo.de\/bcb\/wp-json\/wp\/v2\/product_brand?post=72"},{"taxonomy":"product_cat","embeddable":true,"href":"https:\/\/www.logopaedinfo.de\/bcb\/wp-json\/wp\/v2\/product_cat?post=72"},{"taxonomy":"product_tag","embeddable":true,"href":"https:\/\/www.logopaedinfo.de\/bcb\/wp-json\/wp\/v2\/product_tag?post=72"}],"curies":[{"name":"wp","href":"https:\/\/api.w.org\/{rel}","templated":true}]}}