{"id":74,"date":"2016-10-31T10:55:10","date_gmt":"2016-10-31T09:55:10","guid":{"rendered":"http:\/\/www.logopaedinfo.de\/bcb\/?post_type=product&#038;p=74"},"modified":"2026-02-12T09:16:56","modified_gmt":"2026-02-12T08:16:56","slug":"cesar-schreiben-1-0","status":"publish","type":"product","link":"https:\/\/www.logopaedinfo.de\/bcb\/produkt\/cesar-schreiben-1-0\/","title":{"rendered":"CESAR Schreiben 1.0"},"content":{"rendered":"<p>SCHREIBEN 1 enth\u00e4lt 9 unabh\u00e4ngige Lernspiele in den Gruppen: auditiv, visuell und auditiv-visuell. Der Lernstoff der ersten beiden Grundschuljahre wird als reduzierter Karteikasten angeboten. Dabei kann in zwei Spielen der Wortschatz zus\u00e4tzlich frei erweitert werden. Das Programm verf\u00fcgt \u00fcber eine Einzel-Dokumentation der Ergebnisse und bietet dar\u00fcber hinaus eine quantitative und qualitative Fehlerauswertung mit Ausdruck. Die Illustrationen von C. Peter Deutsch verleiten zum Schmunzeln ohne Abzulenken.<\/p>\n<p><span style=\"color: #ff6600;\">\u00a0<\/span><\/p>\n<p><span style=\"color: #000000;\">Texte auszugsweise (C) by CES-Verlag<\/span><\/p>\n<p>Restposten, Ausf\u00fchren auf PCs mit Windows 10\/11 nicht garantiert<\/p>\n","protected":false},"excerpt":{"rendered":"<p>Lernspiele auf CD-ROM zum Lese-Rechtschreiberwerb<\/p>\n","protected":false},"featured_media":75,"comment_status":"closed","ping_status":"closed","template":"","meta":[],"product_brand":[],"product_cat":[37],"product_tag":[11,31,39,24],"class_list":{"0":"post-74","1":"product","2":"type-product","3":"status-publish","4":"has-post-thumbnail","6":"product_cat-cesverlag","7":"product_tag-logopaedie","8":"product_tag-lrs","9":"product_tag-schreiben","10":"product_tag-schule","12":"first","13":"instock","14":"taxable","15":"shipping-taxable","16":"purchasable","17":"product-type-simple"},"_links":{"self":[{"href":"https:\/\/www.logopaedinfo.de\/bcb\/wp-json\/wp\/v2\/product\/74","targetHints":{"allow":["GET"]}}],"collection":[{"href":"https:\/\/www.logopaedinfo.de\/bcb\/wp-json\/wp\/v2\/product"}],"about":[{"href":"https:\/\/www.logopaedinfo.de\/bcb\/wp-json\/wp\/v2\/types\/product"}],"replies":[{"embeddable":true,"href":"https:\/\/www.logopaedinfo.de\/bcb\/wp-json\/wp\/v2\/comments?post=74"}],"wp:featuredmedia":[{"embeddable":true,"href":"https:\/\/www.logopaedinfo.de\/bcb\/wp-json\/wp\/v2\/media\/75"}],"wp:attachment":[{"href":"https:\/\/www.logopaedinfo.de\/bcb\/wp-json\/wp\/v2\/media?parent=74"}],"wp:term":[{"taxonomy":"product_brand","embeddable":true,"href":"https:\/\/www.logopaedinfo.de\/bcb\/wp-json\/wp\/v2\/product_brand?post=74"},{"taxonomy":"product_cat","embeddable":true,"href":"https:\/\/www.logopaedinfo.de\/bcb\/wp-json\/wp\/v2\/product_cat?post=74"},{"taxonomy":"product_tag","embeddable":true,"href":"https:\/\/www.logopaedinfo.de\/bcb\/wp-json\/wp\/v2\/product_tag?post=74"}],"curies":[{"name":"wp","href":"https:\/\/api.w.org\/{rel}","templated":true}]}}