{"id":76,"date":"2016-10-31T10:57:23","date_gmt":"2016-10-31T09:57:23","guid":{"rendered":"http:\/\/www.logopaedinfo.de\/bcb\/?post_type=product&#038;p=76"},"modified":"2026-02-12T09:16:31","modified_gmt":"2026-02-12T08:16:31","slug":"cesar-schreiben-2-0","status":"publish","type":"product","link":"https:\/\/www.logopaedinfo.de\/bcb\/produkt\/cesar-schreiben-2-0\/","title":{"rendered":"CESAR Schreiben 2.0"},"content":{"rendered":"<p>Schreiben 2 enth\u00e4lt 9 unabh\u00e4ngige Lernspiele in den Gruppen: H\u00f6ren, Rechtschreibung und Wortlehre. Sie bietet Sch\u00fclerinnen und Sch\u00fclern die Chance, Rechtschreibwissen \u00fcber Analogien spielerisch anzulegen bzw. zu festigen und vermittelt auf spannende Weise alle relevanten orthographischen Themen. Weiter werden Strategien zur morphematischen Ableitung gef\u00f6rdert und das erworbene Wissen auf integrativer Ebene gesichert. In den 15 zus\u00e4tzlichen L\u00fcckendiktaten wird das gelernte Wortmaterial wiederholt.<\/p>\n<p><span style=\"color: #000000;\">Texte auszugsweise (C) by CES-Verlag<\/span><\/p>\n<p>Restposten, Ausf\u00fchren auf PCs mit Windows 10\/11 nicht garantiert<\/p>\n","protected":false},"excerpt":{"rendered":"<p>Strategie- und Lernspiele und CD-ROM zur sicheren Rechtschreibung<\/p>\n","protected":false},"featured_media":77,"comment_status":"closed","ping_status":"closed","template":"","meta":[],"product_brand":[],"product_cat":[37],"product_tag":[11,31,39,24],"class_list":{"0":"post-76","1":"product","2":"type-product","3":"status-publish","4":"has-post-thumbnail","6":"product_cat-cesverlag","7":"product_tag-logopaedie","8":"product_tag-lrs","9":"product_tag-schreiben","10":"product_tag-schule","12":"first","13":"instock","14":"taxable","15":"shipping-taxable","16":"purchasable","17":"product-type-simple"},"_links":{"self":[{"href":"https:\/\/www.logopaedinfo.de\/bcb\/wp-json\/wp\/v2\/product\/76","targetHints":{"allow":["GET"]}}],"collection":[{"href":"https:\/\/www.logopaedinfo.de\/bcb\/wp-json\/wp\/v2\/product"}],"about":[{"href":"https:\/\/www.logopaedinfo.de\/bcb\/wp-json\/wp\/v2\/types\/product"}],"replies":[{"embeddable":true,"href":"https:\/\/www.logopaedinfo.de\/bcb\/wp-json\/wp\/v2\/comments?post=76"}],"wp:featuredmedia":[{"embeddable":true,"href":"https:\/\/www.logopaedinfo.de\/bcb\/wp-json\/wp\/v2\/media\/77"}],"wp:attachment":[{"href":"https:\/\/www.logopaedinfo.de\/bcb\/wp-json\/wp\/v2\/media?parent=76"}],"wp:term":[{"taxonomy":"product_brand","embeddable":true,"href":"https:\/\/www.logopaedinfo.de\/bcb\/wp-json\/wp\/v2\/product_brand?post=76"},{"taxonomy":"product_cat","embeddable":true,"href":"https:\/\/www.logopaedinfo.de\/bcb\/wp-json\/wp\/v2\/product_cat?post=76"},{"taxonomy":"product_tag","embeddable":true,"href":"https:\/\/www.logopaedinfo.de\/bcb\/wp-json\/wp\/v2\/product_tag?post=76"}],"curies":[{"name":"wp","href":"https:\/\/api.w.org\/{rel}","templated":true}]}}